{"id":8487,"date":"2020-08-20T11:35:50","date_gmt":"2020-08-20T11:35:50","guid":{"rendered":"https:\/\/csl.org\/global\/servico\/projectos-globais\/"},"modified":"2020-08-20T11:42:02","modified_gmt":"2020-08-20T11:42:02","slug":"projectos-globais","status":"publish","type":"page","link":"https:\/\/csl.org\/global\/servico\/projectos-globais\/","title":{"rendered":"Projectos globais"},"content":{"rendered":"<p><div class=\"fusion-fullwidth fullwidth-box fusion-builder-row-1 gradient-container-1 nonhundred-percent-fullwidth non-hundred-percent-height-scrolling\" style=\"--awb-border-radius-top-left:0px;--awb-border-radius-top-right:0px;--awb-border-radius-bottom-right:0px;--awb-border-radius-bottom-left:0px;--awb-flex-wrap:wrap;\" ><div class=\"fusion-builder-row fusion-row\"><div class=\"fusion-layout-column fusion_builder_column fusion-builder-column-0 fusion_builder_column_1_1 1_1 fusion-one-full fusion-column-first fusion-column-last fusion-animated\" style=\"--awb-padding-top:50px;--awb-padding-right:3%;--awb-padding-bottom:50px;--awb-padding-left:3%;--awb-bg-color:#ffffff;--awb-bg-color-hover:#ffffff;--awb-bg-size:cover;\" data-animationType=\"zoomIn\" data-animationDuration=\"0.3\" data-animationOffset=\"top-into-view\"><div class=\"fusion-column-wrapper fusion-column-has-shadow fusion-flex-column-wrapper-legacy\"><div class=\"fusion-text fusion-text-1\"><h1>Projectos de Servi\u00e7os Globais<\/h1>\n<p><img fetchpriority=\"high\" decoding=\"async\" class=\"size-400 wp-image-2836 aligncenter\" src=\"http:\/\/csl.org\/wp-content\/uploads\/sites\/8\/2019\/05\/global-projects-400x283.jpg\" alt=\"\" width=\"400\" height=\"283\" srcset=\"https:\/\/csl.org\/global\/wp-content\/uploads\/sites\/8\/2019\/05\/global-projects-200x141.jpg 200w, https:\/\/csl.org\/global\/wp-content\/uploads\/sites\/8\/2019\/05\/global-projects-300x212.jpg 300w, https:\/\/csl.org\/global\/wp-content\/uploads\/sites\/8\/2019\/05\/global-projects-400x283.jpg 400w, https:\/\/csl.org\/global\/wp-content\/uploads\/sites\/8\/2019\/05\/global-projects-600x424.jpg 600w, https:\/\/csl.org\/global\/wp-content\/uploads\/sites\/8\/2019\/05\/global-projects-768x542.jpg 768w, https:\/\/csl.org\/global\/wp-content\/uploads\/sites\/8\/2019\/05\/global-projects-800x565.jpg 800w, https:\/\/csl.org\/global\/wp-content\/uploads\/sites\/8\/2019\/05\/global-projects-1024x723.jpg 1024w, https:\/\/csl.org\/global\/wp-content\/uploads\/sites\/8\/2019\/05\/global-projects-1200x848.jpg 1200w, https:\/\/csl.org\/global\/wp-content\/uploads\/sites\/8\/2019\/05\/global-projects.jpg 1280w\" sizes=\"(max-width: 400px) 100vw, 400px\" \/><\/p>\n<p>Nos Servi\u00e7os Globais estamos intimamente conscientes da interliga\u00e7\u00e3o e da grande alegria que adv\u00e9m do reconhecimento e apoio a projectos de outros envolvidos na comunidade da Ci\u00eancia da Mente e do Esp\u00edrito. Estamos a apoiar os seguintes grupos e projectos listados abaixo!<\/p>\n<p><span style=\"color: #666699;\"><strong>Em Apoio de<\/strong><\/span><\/p>\n<p style=\"padding-left: 80px;\"><span style=\"color: #339966;\">CSL Teens Malawi, Projecto Escola Africano<br \/>\n<\/span><\/p>\n<p style=\"padding-left: 120px;\"><strong><span style=\"color: #666699;\"><em>Transformar Possibilidades em Realidades atrav\u00e9s do Despertar Espiritual<\/em><\/span><\/strong><\/p>\n<p>Liderado pelo Rev. Keith Cox, centenas de adolescentes estiveram envolvidos num projecto de constru\u00e7\u00e3o de uma escola no pa\u00eds do Malawi, no continente africano. Nos \u00faltimos 6 anos, foram constru\u00eddas 19 escolas no distrito de Kasungu, no Malawi.<\/p>\n<p style=\"text-align: center;\"><img decoding=\"async\" class=\"alignnone wp-image-2458\" src=\"http:\/\/csl.org\/wp-content\/uploads\/sites\/8\/2019\/05\/africa-1.jpg\" alt=\"\" width=\"336\" height=\"232\" srcset=\"https:\/\/csl.org\/global\/wp-content\/uploads\/sites\/8\/2019\/05\/africa-1-200x138.jpg 200w, https:\/\/csl.org\/global\/wp-content\/uploads\/sites\/8\/2019\/05\/africa-1-300x207.jpg 300w, https:\/\/csl.org\/global\/wp-content\/uploads\/sites\/8\/2019\/05\/africa-1.jpg 336w\" sizes=\"(max-width: 336px) 100vw, 336px\" \/><img decoding=\"async\" class=\"alignnone wp-image-2459\" src=\"http:\/\/csl.org\/wp-content\/uploads\/sites\/8\/2019\/05\/africa-2.jpg\" alt=\"\" width=\"326\" height=\"244\" srcset=\"https:\/\/csl.org\/global\/wp-content\/uploads\/sites\/8\/2019\/05\/africa-2-200x150.jpg 200w, https:\/\/csl.org\/global\/wp-content\/uploads\/sites\/8\/2019\/05\/africa-2-300x225.jpg 300w, https:\/\/csl.org\/global\/wp-content\/uploads\/sites\/8\/2019\/05\/africa-2.jpg 311w\" sizes=\"(max-width: 326px) 100vw, 326px\" \/><\/p>\n<h2>Adolescentes CSL<\/h2>\n<p><a href=\"http:\/\/www.cslteens.net\/\" target=\"_blank\" rel=\"noopener noreferrer\"><img loading=\"lazy\" decoding=\"async\" class=\"size-full wp-image-2471 aligncenter\" src=\"http:\/\/csl.org\/wp-content\/uploads\/sites\/8\/2019\/05\/csl-teens-logo.jpg\" alt=\"CSL Teens\" width=\"328\" height=\"121\" srcset=\"https:\/\/csl.org\/global\/wp-content\/uploads\/sites\/8\/2019\/05\/csl-teens-logo-200x74.jpg 200w, https:\/\/csl.org\/global\/wp-content\/uploads\/sites\/8\/2019\/05\/csl-teens-logo-300x111.jpg 300w, https:\/\/csl.org\/global\/wp-content\/uploads\/sites\/8\/2019\/05\/csl-teens-logo.jpg 328w\" sizes=\"(max-width: 328px) 100vw, 328px\" \/><\/a><\/p>\n<p style=\"text-align: center;\"><img loading=\"lazy\" decoding=\"async\" class=\"alignnone wp-image-2462\" src=\"http:\/\/csl.org\/wp-content\/uploads\/sites\/8\/2019\/05\/teens-1.jpg\" alt=\"teens\" width=\"249\" height=\"165\" srcset=\"https:\/\/csl.org\/global\/wp-content\/uploads\/sites\/8\/2019\/05\/teens-1-200x133.jpg 200w, https:\/\/csl.org\/global\/wp-content\/uploads\/sites\/8\/2019\/05\/teens-1.jpg 249w\" sizes=\"(max-width: 249px) 100vw, 249px\" \/> <img loading=\"lazy\" decoding=\"async\" class=\"alignnone wp-image-2463\" src=\"http:\/\/csl.org\/wp-content\/uploads\/sites\/8\/2019\/05\/teens-2.jpg\" alt=\"\" width=\"219\" height=\"165\" \/><\/p>\n<p>Os adolescentes, com idades compreendidas entre os 13 e os 18 anos, acolhem eventos, pernoitam, acampam e falam em v\u00e1rios centros. Os adolescentes da CSL est\u00e3o localizados em todo o mundo; no entanto, uma grande concentra\u00e7\u00e3o encontra-se na Am\u00e9rica do Norte. Os grupos de adolescentes proporcionam aos adolescentes um ambiente seguro para explorar a sua espiritualidade e ganhar uma base de pr\u00e1tica com princ\u00edpios espirituais universais sintetizados a partir das religi\u00f5es do mundo.<\/p>\n<p>Os adolescentes dedicam-se a enriquecer-se espiritualmente e a construir uma comunidade juvenil global. <a href=\"&#x6d;a&#x69;&#108;t&#x6f;&#58;&#x69;&#x6e;f&#x6f;&#64;c&#x73;&#108;&#x74;&#101;e&#x6e;&#115;&#46;&#x6e;&#101;&#x74;\">Contacte-os<\/a>!<\/p>\n<h2>A Funda\u00e7\u00e3o Crian\u00e7a Caleidosc\u00f3pio<\/h2>\n<p><a href=\"http:\/\/www.khmerchildfoundation.org\/\" target=\"_blank\" rel=\"noopener noreferrer\"><img loading=\"lazy\" decoding=\"async\" class=\"wp-image-2460 size-400 aligncenter\" src=\"http:\/\/csl.org\/wp-content\/uploads\/sites\/8\/2019\/05\/KaleidoscopeChildFoundation-colorlogo-vert-400x394.jpg\" alt=\"\" width=\"400\" height=\"394\" srcset=\"https:\/\/csl.org\/global\/wp-content\/uploads\/sites\/8\/2019\/05\/KaleidoscopeChildFoundation-colorlogo-vert-66x66.jpg 66w, https:\/\/csl.org\/global\/wp-content\/uploads\/sites\/8\/2019\/05\/KaleidoscopeChildFoundation-colorlogo-vert-200x197.jpg 200w, https:\/\/csl.org\/global\/wp-content\/uploads\/sites\/8\/2019\/05\/KaleidoscopeChildFoundation-colorlogo-vert-300x295.jpg 300w, https:\/\/csl.org\/global\/wp-content\/uploads\/sites\/8\/2019\/05\/KaleidoscopeChildFoundation-colorlogo-vert-400x394.jpg 400w, https:\/\/csl.org\/global\/wp-content\/uploads\/sites\/8\/2019\/05\/KaleidoscopeChildFoundation-colorlogo-vert-600x591.jpg 600w, https:\/\/csl.org\/global\/wp-content\/uploads\/sites\/8\/2019\/05\/KaleidoscopeChildFoundation-colorlogo-vert-768x756.jpg 768w, https:\/\/csl.org\/global\/wp-content\/uploads\/sites\/8\/2019\/05\/KaleidoscopeChildFoundation-colorlogo-vert-800x788.jpg 800w, https:\/\/csl.org\/global\/wp-content\/uploads\/sites\/8\/2019\/05\/KaleidoscopeChildFoundation-colorlogo-vert-1024x1009.jpg 1024w, https:\/\/csl.org\/global\/wp-content\/uploads\/sites\/8\/2019\/05\/KaleidoscopeChildFoundation-colorlogo-vert.jpg 1131w\" sizes=\"(max-width: 400px) 100vw, 400px\" \/><\/a><em>&#8220;O nosso objectivo \u00e9 ajudar todas as crian\u00e7as que pudermos a experimentar um agora melhor e um amanh\u00e3 mais brilhante&#8221;<\/em>.<\/p>\n<p>O Dr. David Ault fundou esta organiza\u00e7\u00e3o sem fins lucrativos (originalmente intitulada Khmer Child Foundation) para capacitar as vidas de crian\u00e7as \u00f3rf\u00e3s e pobres rurais do Camboja, bem como para estabelecer solu\u00e7\u00f5es sustent\u00e1veis para uma vida de alta qualidade. Estas iniciativas incluem: educa\u00e7\u00e3o gratuita, projectos de facilita\u00e7\u00e3o de po\u00e7os de \u00e1gua doce, assist\u00eancia m\u00e9dica\/de higiene, forma\u00e7\u00e3o agr\u00edcola e de compet\u00eancias para a vida. Ap\u00f3s um longo processo de aprova\u00e7\u00e3o de ONG e o sucesso no Camboja, o Dr. David e a equipa iniciaram iniciativas semelhantes de educa\u00e7\u00e3o gratuita na regi\u00e3o de Bishar na \u00cdndia e na \u00e1rea de Panajachel na Guatemala. <a href=\"http:\/\/www.kaleidoscopechildfoundation.org\" target=\"_blank\" rel=\"noopener noreferrer\">http:\/\/www.kaleidoscopechildfoundation.org<\/a><\/p>\n<p style=\"text-align: center;\"><img loading=\"lazy\" decoding=\"async\" class=\"size-full wp-image-2461 aligncenter\" src=\"http:\/\/csl.org\/wp-content\/uploads\/sites\/8\/2019\/05\/Khmer-child.jpg\" alt=\"\" width=\"552\" height=\"137\" srcset=\"https:\/\/csl.org\/global\/wp-content\/uploads\/sites\/8\/2019\/05\/Khmer-child-200x50.jpg 200w, https:\/\/csl.org\/global\/wp-content\/uploads\/sites\/8\/2019\/05\/Khmer-child-300x74.jpg 300w, https:\/\/csl.org\/global\/wp-content\/uploads\/sites\/8\/2019\/05\/Khmer-child-400x99.jpg 400w, https:\/\/csl.org\/global\/wp-content\/uploads\/sites\/8\/2019\/05\/Khmer-child.jpg 552w\" sizes=\"(max-width: 552px) 100vw, 552px\" \/><\/p>\n<p style=\"text-align: center;\"><em>Capacitando as vidas das crian\u00e7as cambojanas atrav\u00e9s da educa\u00e7\u00e3o e da assist\u00eancia em mat\u00e9ria de qualidade de vida.<\/em><\/p>\n<h2>El Puente-A Ponte<\/h2>\n<p style=\"text-align: center;\">Supporting Costa Rica\u2019s Indigenous Community<\/p>\n<p style=\"text-align: center;\"><img loading=\"lazy\" decoding=\"async\" class=\"alignnone wp-image-2465\" src=\"http:\/\/csl.org\/wp-content\/uploads\/sites\/8\/2019\/05\/el-puente-1.png\" alt=\"\" width=\"334\" height=\"293\" srcset=\"https:\/\/csl.org\/global\/wp-content\/uploads\/sites\/8\/2019\/05\/el-puente-1-200x176.png 200w, https:\/\/csl.org\/global\/wp-content\/uploads\/sites\/8\/2019\/05\/el-puente-1-300x264.png 300w, https:\/\/csl.org\/global\/wp-content\/uploads\/sites\/8\/2019\/05\/el-puente-1.png 321w\" sizes=\"(max-width: 334px) 100vw, 334px\" \/> <img loading=\"lazy\" decoding=\"async\" class=\"alignnone wp-image-2466\" src=\"http:\/\/csl.org\/wp-content\/uploads\/sites\/8\/2019\/05\/el-puente-2.png\" alt=\"\" width=\"333\" height=\"285\" srcset=\"https:\/\/csl.org\/global\/wp-content\/uploads\/sites\/8\/2019\/05\/el-puente-2-200x171.png 200w, https:\/\/csl.org\/global\/wp-content\/uploads\/sites\/8\/2019\/05\/el-puente-2.png 282w\" sizes=\"(max-width: 333px) 100vw, 333px\" \/><\/p>\n<p>El Puente&#8211;A Ponte est\u00e1 localizada em Puerto Viejo de Talamanca, Costa Rica. Os fundadores Barry e Nanci Stevens fizeram nascer este empreendimento sem fins lucrativos em 1987. El Puente oferece assist\u00eancia educacional, alimenta\u00e7\u00e3o e microempr\u00e9stimos principalmente aos povos ind\u00edgenas na Costa Rica. El Puente \u00e9 parte do Global Heart Outreach, Centros para a Vida Espiritual.<\/p>\n<p style=\"text-align: center;\"><em>Ajudar as pessoas a ajudarem-se a si pr\u00f3prias para a auto-sufici\u00eancia<\/em><\/p>\n<p>&#8220;Para saber mais sobre a obra de El Puente&#8211;The Bridge, clique no seguinte link para descarregar um livro gratuito de Barry e Nanci Stevens &#8220;The BriBri and the Bridge &#8211; A Look at Life in the Jungle of Costa Rica&#8221;<\/p>\n<p style=\"text-align: center;\">&#8211; <strong><a href=\"http:\/\/csl.org\/wp-content\/uploads\/sites\/8\/2019\/05\/The_BriBri_and_The_Bridge.pdf\" rel=\"noopener noreferrer\">Descarregar o E-book<\/a><\/strong> &#8211;<\/p>\n<h2 style=\"text-align: center;\">~ ~ ~ ~ ~ ~ ~<br \/>\nServi\u00e7os Globais\u2026\u2026<\/h2>\n<h2 style=\"text-align: center;\">\u2026.em Apoio da expans\u00e3o do Bem no Mundo!<\/h2>\n<p><img loading=\"lazy\" decoding=\"async\" class=\"size-full wp-image-2464 aligncenter\" src=\"http:\/\/csl.org\/wp-content\/uploads\/sites\/8\/2019\/05\/world-hands.jpg\" alt=\"\" width=\"394\" height=\"262\" srcset=\"https:\/\/csl.org\/global\/wp-content\/uploads\/sites\/8\/2019\/05\/world-hands-200x133.jpg 200w, https:\/\/csl.org\/global\/wp-content\/uploads\/sites\/8\/2019\/05\/world-hands-300x199.jpg 300w, https:\/\/csl.org\/global\/wp-content\/uploads\/sites\/8\/2019\/05\/world-hands.jpg 394w\" sizes=\"(max-width: 394px) 100vw, 394px\" \/><\/p>\n<p>&nbsp;<\/p>\n<\/div><div class=\"fusion-clearfix\"><\/div><\/div><\/div><\/div><\/div><div class=\"fusion-bg-parallax\" data-bg-align=\"center center\" data-direction=\"down\" data-mute=\"false\" data-opacity=\"100\" data-velocity=\"-0.7\" data-mobile-enabled=\"true\" data-break_parents=\"0\" data-bg-image=\"http:\/\/csl.org\/wp-content\/uploads\/sites\/8\/2019\/05\/action-team-spirit-800x546.jpg\" data-bg-repeat=\"false\" ><\/div><div class=\"fusion-fullwidth fullwidth-box fusion-builder-row-2 fusion-parallax-down gradient-container-2 nonhundred-percent-fullwidth non-hundred-percent-height-scrolling\" style=\"--awb-border-radius-top-left:0px;--awb-border-radius-top-right:0px;--awb-border-radius-bottom-right:0px;--awb-border-radius-bottom-left:0px;--awb-background-image:url(&quot;http:\/\/csl.org\/wp-content\/uploads\/sites\/8\/2019\/05\/action-team-spirit-800x546.jpg&quot;);--awb-background-size:cover;--awb-flex-wrap:wrap;\" ><div class=\"fusion-builder-row fusion-row\"><div class=\"fusion-layout-column fusion_builder_column fusion-builder-column-1 fusion_builder_column_1_1 1_1 fusion-one-full fusion-column-first fusion-column-last\" style=\"--awb-padding-top:250px;--awb-padding-right:200px;--awb-padding-bottom:250px;--awb-padding-left:200px;--awb-bg-size:cover;\"><div class=\"fusion-column-wrapper fusion-column-has-shadow fusion-flex-column-wrapper-legacy\"><div class=\"fusion-clearfix\"><\/div><\/div><\/div><\/div><\/div><\/p>\n","protected":false},"excerpt":{"rendered":"","protected":false},"author":1,"featured_media":0,"parent":8413,"menu_order":156,"comment_status":"closed","ping_status":"closed","template":"100-width.php","meta":{"_exactmetrics_skip_tracking":false,"_exactmetrics_sitenote_active":false,"_exactmetrics_sitenote_note":"","_exactmetrics_sitenote_category":0,"footnotes":""},"categories":[128],"tags":[],"class_list":["post-8487","page","type-page","status-publish","hentry","category-servico"],"yoast_head":"<!-- This site is optimized with the Yoast SEO plugin v23.1 - https:\/\/yoast.com\/wordpress\/plugins\/seo\/ -->\n<title>Projectos globais - Global Services - Centers for Spiritual Living<\/title>\n<meta name=\"robots\" content=\"index, follow, max-snippet:-1, max-image-preview:large, max-video-preview:-1\" \/>\n<link rel=\"canonical\" href=\"https:\/\/csl.org\/global\/pt-pt\/servico\/projectos-globais\/\" \/>\n<meta property=\"og:locale\" content=\"en_US\" \/>\n<meta property=\"og:type\" content=\"article\" \/>\n<meta property=\"og:title\" content=\"Projectos globais - Global Services - Centers for Spiritual Living\" \/>\n<meta property=\"og:url\" content=\"https:\/\/csl.org\/global\/pt-pt\/servico\/projectos-globais\/\" \/>\n<meta property=\"og:site_name\" content=\"Global Services - Centers for Spiritual Living\" \/>\n<meta property=\"article:modified_time\" content=\"2020-08-20T11:42:02+00:00\" \/>\n<meta property=\"og:image\" content=\"http:\/\/csl.org\/wp-content\/uploads\/sites\/8\/2019\/05\/global-projects-400x283.jpg\" \/>\n<meta name=\"twitter:card\" content=\"summary_large_image\" \/>\n<meta name=\"twitter:label1\" content=\"Est. reading time\" \/>\n\t<meta name=\"twitter:data1\" content=\"5 minutes\" \/>\n<script type=\"application\/ld+json\" class=\"yoast-schema-graph\">{\"@context\":\"https:\/\/schema.org\",\"@graph\":[{\"@type\":\"WebPage\",\"@id\":\"https:\/\/csl.org\/global\/pt-pt\/servico\/projectos-globais\/\",\"url\":\"https:\/\/csl.org\/global\/pt-pt\/servico\/projectos-globais\/\",\"name\":\"Projectos globais - Global Services - Centers for Spiritual Living\",\"isPartOf\":{\"@id\":\"https:\/\/csl.org\/global\/de\/#website\"},\"primaryImageOfPage\":{\"@id\":\"https:\/\/csl.org\/global\/pt-pt\/servico\/projectos-globais\/#primaryimage\"},\"image\":{\"@id\":\"https:\/\/csl.org\/global\/pt-pt\/servico\/projectos-globais\/#primaryimage\"},\"thumbnailUrl\":\"http:\/\/csl.org\/wp-content\/uploads\/sites\/8\/2019\/05\/global-projects-400x283.jpg\",\"datePublished\":\"2020-08-20T11:35:50+00:00\",\"dateModified\":\"2020-08-20T11:42:02+00:00\",\"breadcrumb\":{\"@id\":\"https:\/\/csl.org\/global\/pt-pt\/servico\/projectos-globais\/#breadcrumb\"},\"inLanguage\":\"en-US\",\"potentialAction\":[{\"@type\":\"ReadAction\",\"target\":[\"https:\/\/csl.org\/global\/pt-pt\/servico\/projectos-globais\/\"]}]},{\"@type\":\"ImageObject\",\"inLanguage\":\"en-US\",\"@id\":\"https:\/\/csl.org\/global\/pt-pt\/servico\/projectos-globais\/#primaryimage\",\"url\":\"http:\/\/csl.org\/wp-content\/uploads\/sites\/8\/2019\/05\/global-projects-400x283.jpg\",\"contentUrl\":\"http:\/\/csl.org\/wp-content\/uploads\/sites\/8\/2019\/05\/global-projects-400x283.jpg\"},{\"@type\":\"BreadcrumbList\",\"@id\":\"https:\/\/csl.org\/global\/pt-pt\/servico\/projectos-globais\/#breadcrumb\",\"itemListElement\":[{\"@type\":\"ListItem\",\"position\":1,\"name\":\"SERVI\u00c7O\",\"item\":\"https:\/\/csl.org\/global\/pt-pt\/servico\/\"},{\"@type\":\"ListItem\",\"position\":2,\"name\":\"Projectos globais\"}]},{\"@type\":\"WebSite\",\"@id\":\"https:\/\/csl.org\/global\/de\/#website\",\"url\":\"https:\/\/csl.org\/global\/de\/\",\"name\":\"Global Services - Centers for Spiritual Living\",\"description\":\"\",\"potentialAction\":[{\"@type\":\"SearchAction\",\"target\":{\"@type\":\"EntryPoint\",\"urlTemplate\":\"https:\/\/csl.org\/global\/de\/?s={search_term_string}\"},\"query-input\":\"required name=search_term_string\"}],\"inLanguage\":\"en-US\"}]}<\/script>\n<!-- \/ Yoast SEO plugin. -->","yoast_head_json":{"title":"Projectos globais - Global Services - Centers for Spiritual Living","robots":{"index":"index","follow":"follow","max-snippet":"max-snippet:-1","max-image-preview":"max-image-preview:large","max-video-preview":"max-video-preview:-1"},"canonical":"https:\/\/csl.org\/global\/pt-pt\/servico\/projectos-globais\/","og_locale":"en_US","og_type":"article","og_title":"Projectos globais - Global Services - Centers for Spiritual Living","og_url":"https:\/\/csl.org\/global\/pt-pt\/servico\/projectos-globais\/","og_site_name":"Global Services - Centers for Spiritual Living","article_modified_time":"2020-08-20T11:42:02+00:00","og_image":[{"url":"http:\/\/csl.org\/wp-content\/uploads\/sites\/8\/2019\/05\/global-projects-400x283.jpg"}],"twitter_card":"summary_large_image","twitter_misc":{"Est. reading time":"5 minutes"},"schema":{"@context":"https:\/\/schema.org","@graph":[{"@type":"WebPage","@id":"https:\/\/csl.org\/global\/pt-pt\/servico\/projectos-globais\/","url":"https:\/\/csl.org\/global\/pt-pt\/servico\/projectos-globais\/","name":"Projectos globais - Global Services - Centers for Spiritual Living","isPartOf":{"@id":"https:\/\/csl.org\/global\/de\/#website"},"primaryImageOfPage":{"@id":"https:\/\/csl.org\/global\/pt-pt\/servico\/projectos-globais\/#primaryimage"},"image":{"@id":"https:\/\/csl.org\/global\/pt-pt\/servico\/projectos-globais\/#primaryimage"},"thumbnailUrl":"http:\/\/csl.org\/wp-content\/uploads\/sites\/8\/2019\/05\/global-projects-400x283.jpg","datePublished":"2020-08-20T11:35:50+00:00","dateModified":"2020-08-20T11:42:02+00:00","breadcrumb":{"@id":"https:\/\/csl.org\/global\/pt-pt\/servico\/projectos-globais\/#breadcrumb"},"inLanguage":"en-US","potentialAction":[{"@type":"ReadAction","target":["https:\/\/csl.org\/global\/pt-pt\/servico\/projectos-globais\/"]}]},{"@type":"ImageObject","inLanguage":"en-US","@id":"https:\/\/csl.org\/global\/pt-pt\/servico\/projectos-globais\/#primaryimage","url":"http:\/\/csl.org\/wp-content\/uploads\/sites\/8\/2019\/05\/global-projects-400x283.jpg","contentUrl":"http:\/\/csl.org\/wp-content\/uploads\/sites\/8\/2019\/05\/global-projects-400x283.jpg"},{"@type":"BreadcrumbList","@id":"https:\/\/csl.org\/global\/pt-pt\/servico\/projectos-globais\/#breadcrumb","itemListElement":[{"@type":"ListItem","position":1,"name":"SERVI\u00c7O","item":"https:\/\/csl.org\/global\/pt-pt\/servico\/"},{"@type":"ListItem","position":2,"name":"Projectos globais"}]},{"@type":"WebSite","@id":"https:\/\/csl.org\/global\/de\/#website","url":"https:\/\/csl.org\/global\/de\/","name":"Global Services - Centers for Spiritual Living","description":"","potentialAction":[{"@type":"SearchAction","target":{"@type":"EntryPoint","urlTemplate":"https:\/\/csl.org\/global\/de\/?s={search_term_string}"},"query-input":"required name=search_term_string"}],"inLanguage":"en-US"}]}},"_links":{"self":[{"href":"https:\/\/csl.org\/global\/wp-json\/wp\/v2\/pages\/8487"}],"collection":[{"href":"https:\/\/csl.org\/global\/wp-json\/wp\/v2\/pages"}],"about":[{"href":"https:\/\/csl.org\/global\/wp-json\/wp\/v2\/types\/page"}],"author":[{"embeddable":true,"href":"https:\/\/csl.org\/global\/wp-json\/wp\/v2\/users\/1"}],"replies":[{"embeddable":true,"href":"https:\/\/csl.org\/global\/wp-json\/wp\/v2\/comments?post=8487"}],"version-history":[{"count":7,"href":"https:\/\/csl.org\/global\/wp-json\/wp\/v2\/pages\/8487\/revisions"}],"predecessor-version":[{"id":8629,"href":"https:\/\/csl.org\/global\/wp-json\/wp\/v2\/pages\/8487\/revisions\/8629"}],"up":[{"embeddable":true,"href":"https:\/\/csl.org\/global\/wp-json\/wp\/v2\/pages\/8413"}],"wp:attachment":[{"href":"https:\/\/csl.org\/global\/wp-json\/wp\/v2\/media?parent=8487"}],"wp:term":[{"taxonomy":"category","embeddable":true,"href":"https:\/\/csl.org\/global\/wp-json\/wp\/v2\/categories?post=8487"},{"taxonomy":"post_tag","embeddable":true,"href":"https:\/\/csl.org\/global\/wp-json\/wp\/v2\/tags?post=8487"}],"curies":[{"name":"wp","href":"https:\/\/api.w.org\/{rel}","templated":true}]}}