{"id":8702,"date":"2020-08-20T12:37:51","date_gmt":"2020-08-20T12:37:51","guid":{"rendered":"https:\/\/csl.org\/global\/servico\/apoio-as-comunidades-globais\/donate\/"},"modified":"2020-09-04T15:14:32","modified_gmt":"2020-09-04T15:14:32","slug":"faca-um-donativo","status":"publish","type":"page","link":"https:\/\/csl.org\/global\/servico\/apoio-as-comunidades-globais\/faca-um-donativo\/","title":{"rendered":"Fa\u00e7a um donativo"},"content":{"rendered":"<p><div class=\"fusion-fullwidth fullwidth-box fusion-builder-row-1 gradient-container-1 nonhundred-percent-fullwidth non-hundred-percent-height-scrolling\" style=\"--awb-border-radius-top-left:0px;--awb-border-radius-top-right:0px;--awb-border-radius-bottom-right:0px;--awb-border-radius-bottom-left:0px;--awb-background-color:#ffffff;--awb-flex-wrap:wrap;\" ><div class=\"fusion-builder-row fusion-row\"><div class=\"fusion-layout-column fusion_builder_column fusion-builder-column-0 fusion_builder_column_1_1 1_1 fusion-one-full fusion-column-first fusion-column-last fusion-animated\" style=\"--awb-padding-top:50px;--awb-padding-right:3%;--awb-padding-bottom:50px;--awb-padding-left:3%;--awb-bg-color:#ffffff;--awb-bg-color-hover:#ffffff;--awb-bg-size:cover;\" data-animationType=\"zoomInLeft\" data-animationDuration=\"0.3\" data-animationOffset=\"top-into-view\"><div class=\"fusion-column-wrapper fusion-column-has-shadow fusion-flex-column-wrapper-legacy\"><div class=\"fusion-text fusion-text-1\"><h1>Fa\u00e7a um donativo<\/h1>\n<p>&nbsp;<\/p>\n<h3 style=\"text-align: center;\">Voc\u00ea faz a diferen\u00e7a<\/h3>\n<h2>Doa\u00e7\u00e3o<\/h2>\n<p style=\"text-align: center;\"><strong><span style=\"color: #666699;\">Preenchimento. Recompensador. Satisfat\u00f3rio. Alegre. Conex\u00e3o.<\/span><\/strong><\/p>\n<p><img fetchpriority=\"high\" decoding=\"async\" class=\"size-full wp-image-2562 alignright\" src=\"http:\/\/csl.org\/wp-content\/uploads\/sites\/8\/2019\/05\/You_make_a_difference.jpg\" alt=\"Donate\" width=\"400\" height=\"417\" srcset=\"https:\/\/csl.org\/global\/wp-content\/uploads\/sites\/8\/2019\/05\/You_make_a_difference-200x209.jpg 200w, https:\/\/csl.org\/global\/wp-content\/uploads\/sites\/8\/2019\/05\/You_make_a_difference-288x300.jpg 288w, https:\/\/csl.org\/global\/wp-content\/uploads\/sites\/8\/2019\/05\/You_make_a_difference.jpg 400w\" sizes=\"(max-width: 400px) 100vw, 400px\" \/><\/p>\n<p>Estas s\u00e3o apenas algumas das palavras que descrevem os sentimentos que as pessoas t\u00eam quando oferecem um presente. Todos eles ir\u00e3o testemunhar que n\u00e3o se trata dos fundos &#8211; trata-se do Sonho &#8211; a Vis\u00e3o &#8211; o Prop\u00f3sito.<\/p>\n<p>O acto de Dar e doar leva imediatamente ao acto de Receber &#8211; pois um n\u00e3o pode existir sem o outro. Em bela simetria, o Receber leva novamente a D\u00e1diva &#8211; \u00e0s pessoas.<\/p>\n<p>Seja atrav\u00e9s do fluxo do dom recebido para a educa\u00e7\u00e3o, embalagem e distribui\u00e7\u00e3o de alimentos, ajudando uma comunidade rec\u00e9m-formada da Ci\u00eancia da Mente a come\u00e7ar, ajudando a custear as despesas de um quase todo o pessoal volunt\u00e1rio, h\u00e1 uma grande sinergia que acontece com as ofertas e doa\u00e7\u00f5es de amor. Acima de tudo &#8211; s\u00e3o as pessoas que se esfor\u00e7am por partilhar estes sentimentos com outras pessoas. Acreditamos nisto; talvez voc\u00ea tamb\u00e9m acredite<\/p>\n<h2>Doe<\/h2>\n<p>Se deseja partilhar os Sentimentos que v\u00eam de dar, por favor use o link abaixo para doar a &#8220;um mundo que funcione para todos&#8221;. A fim de apoiar especificamente as obras da Servi\u00e7os Globais, depois de fazer a sua doa\u00e7\u00e3o, por favor SELECCIONE &#8220;Servi\u00e7os Globais&#8221; a partir da caixa pendente &#8220;Designation&#8221; (Designa\u00e7\u00e3o). Fa\u00e7a a diferen\u00e7a &#8211; Doe agora para a Servi\u00e7os Globais.<\/p>\n<div class=\"fusion-aligncenter\"><a class=\"fusion-button button-flat fusion-button-default-size button-default fusion-button-default button-1 fusion-button-default-span fusion-button-default-type\" style=\"--button-border-radius-top-left:0px;--button-border-radius-top-right:0px;--button-border-radius-bottom-right:0px;--button-border-radius-bottom-left:0px;\" target=\"_blank\" rel=\"noopener noreferrer\" href=\"https:\/\/csl-org.secure.force.com\/aakpay__checkout?key=a251N000007zyDN&amp;Token=VombG0YweVQzARv_2Fh7_2FgSFnbTCuZphg6WC5v72E9HxQ_3D\"><span class=\"fusion-button-text\">Doe agora<\/span><\/a><\/div>\n<h2>Patrocinador\/Prenda de legado<\/h2>\n<p>E, se desejar ser envolvido a um n\u00edvel mais profundo, ficar\u00edamos honrados em receb\u00ea-lo como Patrocinador de Servi\u00e7os Globais ou em participar num Legacy Gift para Servi\u00e7os Globais. <a href=\"&#x6d;&#97;i&#x6c;&#116;&#111;&#x3a;&#x6d;&#113;u&#x69;&#110;t&#x61;&#x6e;&#97;&#64;&#x63;&#115;l&#x2e;&#x6f;&#114;g\">Por favor contacte Martha Quintana<\/a>.<\/p>\n<p><em>&#8220;O dom de dar&#8230;\u00e9 o que te faz crescer. Quanto mais se diz &#8220;sim&#8221; \u00e0 d\u00e1diva, mais se alimenta ao d\u00e1-la.&#8221;<\/em> Barbara Marx Hubbard<\/p>\n<\/div><div class=\"fusion-clearfix\"><\/div><\/div><\/div><\/div><\/div><div class=\"fusion-bg-parallax\" data-bg-align=\"center center\" data-direction=\"up\" data-mute=\"false\" data-opacity=\"100\" data-velocity=\"-0.7\" data-mobile-enabled=\"true\" data-break_parents=\"0\" data-bg-image=\"http:\/\/csl.org\/wp-content\/uploads\/sites\/8\/2019\/05\/people-sand-heart-1024x657.jpg\" data-bg-repeat=\"false\" ><\/div><div class=\"fusion-fullwidth fullwidth-box fusion-builder-row-2 fusion-parallax-up gradient-container-2 nonhundred-percent-fullwidth non-hundred-percent-height-scrolling\" style=\"--awb-border-radius-top-left:0px;--awb-border-radius-top-right:0px;--awb-border-radius-bottom-right:0px;--awb-border-radius-bottom-left:0px;--awb-background-image:url(&quot;http:\/\/csl.org\/wp-content\/uploads\/sites\/8\/2019\/05\/people-sand-heart-1024x657.jpg&quot;);--awb-background-size:cover;--awb-flex-wrap:wrap;\" ><div class=\"fusion-builder-row fusion-row\"><div class=\"fusion-layout-column fusion_builder_column fusion-builder-column-1 fusion_builder_column_1_1 1_1 fusion-one-full fusion-column-first fusion-column-last\" style=\"--awb-padding-top:250px;--awb-padding-right:200px;--awb-padding-bottom:250px;--awb-padding-left:200px;--awb-bg-size:cover;\"><div class=\"fusion-column-wrapper fusion-column-has-shadow fusion-flex-column-wrapper-legacy\"><div class=\"fusion-clearfix\"><\/div><\/div><\/div><\/div><\/div><\/p>\n","protected":false},"excerpt":{"rendered":"","protected":false},"author":1,"featured_media":0,"parent":8630,"menu_order":88,"comment_status":"closed","ping_status":"closed","template":"100-width.php","meta":{"_exactmetrics_skip_tracking":false,"_exactmetrics_sitenote_active":false,"_exactmetrics_sitenote_note":"","_exactmetrics_sitenote_category":0,"footnotes":""},"categories":[128],"tags":[],"class_list":["post-8702","page","type-page","status-publish","hentry","category-servico"],"yoast_head":"<!-- This site is optimized with the Yoast SEO plugin v23.1 - https:\/\/yoast.com\/wordpress\/plugins\/seo\/ -->\n<title>Fa\u00e7a um donativo - Global Services - Centers for Spiritual Living<\/title>\n<meta name=\"robots\" content=\"index, follow, max-snippet:-1, max-image-preview:large, max-video-preview:-1\" \/>\n<link rel=\"canonical\" href=\"https:\/\/csl.org\/global\/pt-pt\/servico\/apoio-as-comunidades-globais\/faca-um-donativo\/\" \/>\n<meta property=\"og:locale\" content=\"en_US\" \/>\n<meta property=\"og:type\" content=\"article\" \/>\n<meta property=\"og:title\" content=\"Fa\u00e7a um donativo - Global Services - Centers for Spiritual Living\" \/>\n<meta property=\"og:url\" content=\"https:\/\/csl.org\/global\/pt-pt\/servico\/apoio-as-comunidades-globais\/faca-um-donativo\/\" \/>\n<meta property=\"og:site_name\" content=\"Global Services - Centers for Spiritual Living\" \/>\n<meta property=\"article:modified_time\" content=\"2020-09-04T15:14:32+00:00\" \/>\n<meta property=\"og:image\" content=\"http:\/\/csl.org\/wp-content\/uploads\/sites\/8\/2019\/05\/You_make_a_difference.jpg\" \/>\n<meta name=\"twitter:card\" content=\"summary_large_image\" \/>\n<meta name=\"twitter:label1\" content=\"Est. reading time\" \/>\n\t<meta name=\"twitter:data1\" content=\"5 minutes\" \/>\n<script type=\"application\/ld+json\" class=\"yoast-schema-graph\">{\"@context\":\"https:\/\/schema.org\",\"@graph\":[{\"@type\":\"WebPage\",\"@id\":\"https:\/\/csl.org\/global\/pt-pt\/servico\/apoio-as-comunidades-globais\/faca-um-donativo\/\",\"url\":\"https:\/\/csl.org\/global\/pt-pt\/servico\/apoio-as-comunidades-globais\/faca-um-donativo\/\",\"name\":\"Fa\u00e7a um donativo - Global Services - Centers for Spiritual Living\",\"isPartOf\":{\"@id\":\"https:\/\/csl.org\/global\/de\/#website\"},\"primaryImageOfPage\":{\"@id\":\"https:\/\/csl.org\/global\/pt-pt\/servico\/apoio-as-comunidades-globais\/faca-um-donativo\/#primaryimage\"},\"image\":{\"@id\":\"https:\/\/csl.org\/global\/pt-pt\/servico\/apoio-as-comunidades-globais\/faca-um-donativo\/#primaryimage\"},\"thumbnailUrl\":\"http:\/\/csl.org\/wp-content\/uploads\/sites\/8\/2019\/05\/You_make_a_difference.jpg\",\"datePublished\":\"2020-08-20T12:37:51+00:00\",\"dateModified\":\"2020-09-04T15:14:32+00:00\",\"breadcrumb\":{\"@id\":\"https:\/\/csl.org\/global\/pt-pt\/servico\/apoio-as-comunidades-globais\/faca-um-donativo\/#breadcrumb\"},\"inLanguage\":\"en-US\",\"potentialAction\":[{\"@type\":\"ReadAction\",\"target\":[\"https:\/\/csl.org\/global\/pt-pt\/servico\/apoio-as-comunidades-globais\/faca-um-donativo\/\"]}]},{\"@type\":\"ImageObject\",\"inLanguage\":\"en-US\",\"@id\":\"https:\/\/csl.org\/global\/pt-pt\/servico\/apoio-as-comunidades-globais\/faca-um-donativo\/#primaryimage\",\"url\":\"http:\/\/csl.org\/wp-content\/uploads\/sites\/8\/2019\/05\/You_make_a_difference.jpg\",\"contentUrl\":\"http:\/\/csl.org\/wp-content\/uploads\/sites\/8\/2019\/05\/You_make_a_difference.jpg\"},{\"@type\":\"BreadcrumbList\",\"@id\":\"https:\/\/csl.org\/global\/pt-pt\/servico\/apoio-as-comunidades-globais\/faca-um-donativo\/#breadcrumb\",\"itemListElement\":[{\"@type\":\"ListItem\",\"position\":1,\"name\":\"SERVI\u00c7O\",\"item\":\"https:\/\/csl.org\/global\/pt-pt\/servico\/\"},{\"@type\":\"ListItem\",\"position\":2,\"name\":\"Apoio \u00e0s comunidades globais\",\"item\":\"https:\/\/csl.org\/global\/pt-pt\/servico\/apoio-as-comunidades-globais\/\"},{\"@type\":\"ListItem\",\"position\":3,\"name\":\"Fa\u00e7a um donativo\"}]},{\"@type\":\"WebSite\",\"@id\":\"https:\/\/csl.org\/global\/de\/#website\",\"url\":\"https:\/\/csl.org\/global\/de\/\",\"name\":\"Global Services - Centers for Spiritual Living\",\"description\":\"\",\"potentialAction\":[{\"@type\":\"SearchAction\",\"target\":{\"@type\":\"EntryPoint\",\"urlTemplate\":\"https:\/\/csl.org\/global\/de\/?s={search_term_string}\"},\"query-input\":\"required name=search_term_string\"}],\"inLanguage\":\"en-US\"}]}<\/script>\n<!-- \/ Yoast SEO plugin. -->","yoast_head_json":{"title":"Fa\u00e7a um donativo - Global Services - Centers for Spiritual Living","robots":{"index":"index","follow":"follow","max-snippet":"max-snippet:-1","max-image-preview":"max-image-preview:large","max-video-preview":"max-video-preview:-1"},"canonical":"https:\/\/csl.org\/global\/pt-pt\/servico\/apoio-as-comunidades-globais\/faca-um-donativo\/","og_locale":"en_US","og_type":"article","og_title":"Fa\u00e7a um donativo - Global Services - Centers for Spiritual Living","og_url":"https:\/\/csl.org\/global\/pt-pt\/servico\/apoio-as-comunidades-globais\/faca-um-donativo\/","og_site_name":"Global Services - Centers for Spiritual Living","article_modified_time":"2020-09-04T15:14:32+00:00","og_image":[{"url":"http:\/\/csl.org\/wp-content\/uploads\/sites\/8\/2019\/05\/You_make_a_difference.jpg"}],"twitter_card":"summary_large_image","twitter_misc":{"Est. reading time":"5 minutes"},"schema":{"@context":"https:\/\/schema.org","@graph":[{"@type":"WebPage","@id":"https:\/\/csl.org\/global\/pt-pt\/servico\/apoio-as-comunidades-globais\/faca-um-donativo\/","url":"https:\/\/csl.org\/global\/pt-pt\/servico\/apoio-as-comunidades-globais\/faca-um-donativo\/","name":"Fa\u00e7a um donativo - Global Services - Centers for Spiritual Living","isPartOf":{"@id":"https:\/\/csl.org\/global\/de\/#website"},"primaryImageOfPage":{"@id":"https:\/\/csl.org\/global\/pt-pt\/servico\/apoio-as-comunidades-globais\/faca-um-donativo\/#primaryimage"},"image":{"@id":"https:\/\/csl.org\/global\/pt-pt\/servico\/apoio-as-comunidades-globais\/faca-um-donativo\/#primaryimage"},"thumbnailUrl":"http:\/\/csl.org\/wp-content\/uploads\/sites\/8\/2019\/05\/You_make_a_difference.jpg","datePublished":"2020-08-20T12:37:51+00:00","dateModified":"2020-09-04T15:14:32+00:00","breadcrumb":{"@id":"https:\/\/csl.org\/global\/pt-pt\/servico\/apoio-as-comunidades-globais\/faca-um-donativo\/#breadcrumb"},"inLanguage":"en-US","potentialAction":[{"@type":"ReadAction","target":["https:\/\/csl.org\/global\/pt-pt\/servico\/apoio-as-comunidades-globais\/faca-um-donativo\/"]}]},{"@type":"ImageObject","inLanguage":"en-US","@id":"https:\/\/csl.org\/global\/pt-pt\/servico\/apoio-as-comunidades-globais\/faca-um-donativo\/#primaryimage","url":"http:\/\/csl.org\/wp-content\/uploads\/sites\/8\/2019\/05\/You_make_a_difference.jpg","contentUrl":"http:\/\/csl.org\/wp-content\/uploads\/sites\/8\/2019\/05\/You_make_a_difference.jpg"},{"@type":"BreadcrumbList","@id":"https:\/\/csl.org\/global\/pt-pt\/servico\/apoio-as-comunidades-globais\/faca-um-donativo\/#breadcrumb","itemListElement":[{"@type":"ListItem","position":1,"name":"SERVI\u00c7O","item":"https:\/\/csl.org\/global\/pt-pt\/servico\/"},{"@type":"ListItem","position":2,"name":"Apoio \u00e0s comunidades globais","item":"https:\/\/csl.org\/global\/pt-pt\/servico\/apoio-as-comunidades-globais\/"},{"@type":"ListItem","position":3,"name":"Fa\u00e7a um donativo"}]},{"@type":"WebSite","@id":"https:\/\/csl.org\/global\/de\/#website","url":"https:\/\/csl.org\/global\/de\/","name":"Global Services - Centers for Spiritual Living","description":"","potentialAction":[{"@type":"SearchAction","target":{"@type":"EntryPoint","urlTemplate":"https:\/\/csl.org\/global\/de\/?s={search_term_string}"},"query-input":"required name=search_term_string"}],"inLanguage":"en-US"}]}},"_links":{"self":[{"href":"https:\/\/csl.org\/global\/wp-json\/wp\/v2\/pages\/8702"}],"collection":[{"href":"https:\/\/csl.org\/global\/wp-json\/wp\/v2\/pages"}],"about":[{"href":"https:\/\/csl.org\/global\/wp-json\/wp\/v2\/types\/page"}],"author":[{"embeddable":true,"href":"https:\/\/csl.org\/global\/wp-json\/wp\/v2\/users\/1"}],"replies":[{"embeddable":true,"href":"https:\/\/csl.org\/global\/wp-json\/wp\/v2\/comments?post=8702"}],"version-history":[{"count":7,"href":"https:\/\/csl.org\/global\/wp-json\/wp\/v2\/pages\/8702\/revisions"}],"predecessor-version":[{"id":8932,"href":"https:\/\/csl.org\/global\/wp-json\/wp\/v2\/pages\/8702\/revisions\/8932"}],"up":[{"embeddable":true,"href":"https:\/\/csl.org\/global\/wp-json\/wp\/v2\/pages\/8630"}],"wp:attachment":[{"href":"https:\/\/csl.org\/global\/wp-json\/wp\/v2\/media?parent=8702"}],"wp:term":[{"taxonomy":"category","embeddable":true,"href":"https:\/\/csl.org\/global\/wp-json\/wp\/v2\/categories?post=8702"},{"taxonomy":"post_tag","embeddable":true,"href":"https:\/\/csl.org\/global\/wp-json\/wp\/v2\/tags?post=8702"}],"curies":[{"name":"wp","href":"https:\/\/api.w.org\/{rel}","templated":true}]}}