{"id":7108,"date":"2021-01-11T12:49:44","date_gmt":"2021-01-11T12:49:44","guid":{"rendered":"https:\/\/multisite.csl.org\/spiritual-development\/?page_id=7108"},"modified":"2021-03-28T19:51:37","modified_gmt":"2021-03-28T19:51:37","slug":"circulos-de-vida-espiritual","status":"publish","type":"page","link":"https:\/\/csl.org\/spiritual-development\/educacion-en-espanol\/circulos-de-vida-espiritual\/","title":{"rendered":"C\u00edrculos de Vida Espiritual"},"content":{"rendered":"<div class=\"fusion-fullwidth fullwidth-box fusion-builder-row-1 fusion-flex-container gradient-container-1 nonhundred-percent-fullwidth non-hundred-percent-height-scrolling\" style=\"--awb-border-radius-top-left:0px;--awb-border-radius-top-right:0px;--awb-border-radius-bottom-right:0px;--awb-border-radius-bottom-left:0px;--awb-flex-wrap:wrap;\" ><div class=\"fusion-builder-row fusion-row fusion-flex-align-items-flex-start fusion-flex-content-wrap\" style=\"max-width:1352px;margin-left: calc(-4% \/ 2 );margin-right: calc(-4% \/ 2 );\"><div class=\"fusion-layout-column fusion_builder_column fusion-builder-column-0 fusion_builder_column_1_1 1_1 fusion-flex-column\" style=\"--awb-bg-size:cover;--awb-width-large:100%;--awb-margin-top-large:0px;--awb-spacing-right-large:1.92%;--awb-margin-bottom-large:0px;--awb-spacing-left-large:1.92%;--awb-width-medium:100%;--awb-order-medium:0;--awb-spacing-right-medium:1.92%;--awb-spacing-left-medium:1.92%;--awb-width-small:100%;--awb-order-small:0;--awb-spacing-right-small:1.92%;--awb-spacing-left-small:1.92%;\"><div class=\"fusion-column-wrapper fusion-column-has-shadow fusion-flex-justify-content-flex-start fusion-content-layout-column\"><div class=\"fusion-text fusion-text-1\" style=\"--awb-font-size:25px;--awb-text-font-family:&quot;Source Sans Pro&quot;;--awb-text-font-style:normal;--awb-text-font-weight:400;\"><h3 class=\"fusion-responsive-typography-calculated\" style=\"--fontsize: 25; line-height: 1.45; --minfontsize: 25;\" data-fontsize=\"25\" data-lineheight=\"36.25px\"><img loading=\"lazy\" decoding=\"async\" class=\"lazyload wp-image-7616 alignnone\" src=\"https:\/\/csl.org\/spiritual-development\/wp-content\/uploads\/sites\/4\/2021\/03\/SpiritualLivingCircles.png\" data-orig-src=\"https:\/\/csl.org\/spiritual-development\/wp-content\/uploads\/sites\/4\/2021\/03\/SpiritualLivingCircles.png\" alt=\"\" width=\"255\" height=\"101\" srcset=\"data:image\/svg+xml,%3Csvg%20xmlns%3D%27http%3A%2F%2Fwww.w3.org%2F2000%2Fsvg%27%20width%3D%27255%27%20height%3D%27101%27%20viewBox%3D%270%200%20255%20101%27%3E%3Crect%20width%3D%27255%27%20height%3D%27101%27%20fill-opacity%3D%220%22%2F%3E%3C%2Fsvg%3E\" data-srcset=\"https:\/\/csl.org\/spiritual-development\/wp-content\/uploads\/sites\/4\/2021\/03\/SpiritualLivingCircles-200x79.png 200w, https:\/\/csl.org\/spiritual-development\/wp-content\/uploads\/sites\/4\/2021\/03\/SpiritualLivingCircles-300x119.png 300w, https:\/\/csl.org\/spiritual-development\/wp-content\/uploads\/sites\/4\/2021\/03\/SpiritualLivingCircles-400x158.png 400w, https:\/\/csl.org\/spiritual-development\/wp-content\/uploads\/sites\/4\/2021\/03\/SpiritualLivingCircles-600x237.png 600w, https:\/\/csl.org\/spiritual-development\/wp-content\/uploads\/sites\/4\/2021\/03\/SpiritualLivingCircles-768x304.png 768w, https:\/\/csl.org\/spiritual-development\/wp-content\/uploads\/sites\/4\/2021\/03\/SpiritualLivingCircles-800x316.png 800w, https:\/\/csl.org\/spiritual-development\/wp-content\/uploads\/sites\/4\/2021\/03\/SpiritualLivingCircles.png 885w\" data-sizes=\"auto\" data-orig-sizes=\"(max-width: 255px) 100vw, 255px\" \/><\/h3>\n<h3 class=\"fusion-responsive-typography-calculated\" style=\"--fontsize: 25; line-height: 1.45; --minfontsize: 25;\" data-fontsize=\"25\" data-lineheight=\"36.25px\">\u00danase a nuestro Programa de C\u00edrculos de Vida Espiritual<\/h3>\n<p>Cualquiera puede formar parte de nuestro programa de C\u00edrculos de Vida Espiritual. El concepto es sencillo. Usted invita a un c\u00edrculo de amigos a conversar sobre las ideas para vivir una vida espiritual que se describen en las p\u00e1ginas de la revista Ciencia de la Mente. Proporcionamos gu\u00edas de discusi\u00f3n y un art\u00edculo traducido de la revista sin costo alguno mensualmente para apoyar sus conversaciones.<\/p>\n<p>Una vez registrados, usted y sus miembros recibir\u00e1n un correo electr\u00f3nico con un enlace para una suscripci\u00f3n digital gratuita de seis meses a la revista Gu\u00eda para la Vida Espiritual: Ciencia de la Mente.<\/p>\n<p>* Actualmente, la revista s\u00f3lo est\u00e1 disponible en Ingl\u00e9s.<\/p>\n<\/div><\/div><\/div><div class=\"fusion-layout-column fusion_builder_column fusion-builder-column-1 fusion_builder_column_1_3 1_3 fusion-flex-column\" style=\"--awb-bg-size:cover;--awb-width-large:33.333333333333%;--awb-margin-top-large:0px;--awb-spacing-right-large:5.76%;--awb-margin-bottom-large:0px;--awb-spacing-left-large:5.76%;--awb-width-medium:100%;--awb-order-medium:0;--awb-spacing-right-medium:1.92%;--awb-spacing-left-medium:1.92%;--awb-width-small:100%;--awb-order-small:0;--awb-spacing-right-small:1.92%;--awb-spacing-left-small:1.92%;\"><div class=\"fusion-column-wrapper fusion-column-has-shadow fusion-flex-justify-content-flex-start fusion-content-layout-column\"><div class=\"fusion-image-element \" style=\"text-align:center;--awb-max-width:200px;--awb-caption-title-font-family:var(--h2_typography-font-family);--awb-caption-title-font-weight:var(--h2_typography-font-weight);--awb-caption-title-font-style:var(--h2_typography-font-style);--awb-caption-title-size:var(--h2_typography-font-size);--awb-caption-title-transform:var(--h2_typography-text-transform);--awb-caption-title-line-height:var(--h2_typography-line-height);--awb-caption-title-letter-spacing:var(--h2_typography-letter-spacing);\"><span class=\" fusion-imageframe imageframe-none imageframe-1 hover-type-none\"><a class=\"fusion-no-lightbox\" href=\"https:\/\/csl.org\/spiritual-development\/2021-02-guia-para-dialogar-un-viaje-muchos-caminos-docx-google-docs\/\" target=\"_self\" aria-label=\"SampleDiscussionGuide\"><img fetchpriority=\"high\" decoding=\"async\" fetchpriority=\"high\" width=\"500\" height=\"500\" src=\"https:\/\/csl.org\/spiritual-development\/wp-content\/uploads\/sites\/4\/2021\/03\/SampleDiscussionGuide.png\" data-orig-src=\"http:\/\/csl.org\/spiritual-development\/wp-content\/uploads\/sites\/4\/2021\/03\/SampleDiscussionGuide.png\" alt class=\"lazyload img-responsive wp-image-7771\" srcset=\"data:image\/svg+xml,%3Csvg%20xmlns%3D%27http%3A%2F%2Fwww.w3.org%2F2000%2Fsvg%27%20width%3D%27500%27%20height%3D%27500%27%20viewBox%3D%270%200%20500%20500%27%3E%3Crect%20width%3D%27500%27%20height%3D%27500%27%20fill-opacity%3D%220%22%2F%3E%3C%2Fsvg%3E\" data-srcset=\"https:\/\/csl.org\/spiritual-development\/wp-content\/uploads\/sites\/4\/2021\/03\/SampleDiscussionGuide-200x200.png 200w, https:\/\/csl.org\/spiritual-development\/wp-content\/uploads\/sites\/4\/2021\/03\/SampleDiscussionGuide-400x400.png 400w, https:\/\/csl.org\/spiritual-development\/wp-content\/uploads\/sites\/4\/2021\/03\/SampleDiscussionGuide.png 500w\" data-sizes=\"auto\" data-orig-sizes=\"(max-width: 1024px) 100vw, (max-width: 640px) 100vw, 400px\" \/><\/a><\/span><\/div><div class=\"fusion-text fusion-text-2\" style=\"--awb-content-alignment:center;\"><h3 style=\"text-align: center;\"><a href=\"https:\/\/csl.org\/spiritual-development\/2021-02-guia-para-dialogar-un-viaje-muchos-caminos-docx-google-docs\/\">Ejemplo de Gu\u00eda de Discusi\u00f3n<\/a><\/h3>\n<\/div><\/div><\/div><div class=\"fusion-layout-column fusion_builder_column fusion-builder-column-2 fusion_builder_column_1_3 1_3 fusion-flex-column\" style=\"--awb-bg-size:cover;--awb-width-large:33.333333333333%;--awb-margin-top-large:0px;--awb-spacing-right-large:5.76%;--awb-margin-bottom-large:0px;--awb-spacing-left-large:5.76%;--awb-width-medium:100%;--awb-order-medium:0;--awb-spacing-right-medium:1.92%;--awb-spacing-left-medium:1.92%;--awb-width-small:100%;--awb-order-small:0;--awb-spacing-right-small:1.92%;--awb-spacing-left-small:1.92%;\"><div class=\"fusion-column-wrapper fusion-column-has-shadow fusion-flex-justify-content-flex-start fusion-content-layout-column\"><div class=\"fusion-image-element \" style=\"text-align:center;--awb-max-width:200px;--awb-caption-title-font-family:var(--h2_typography-font-family);--awb-caption-title-font-weight:var(--h2_typography-font-weight);--awb-caption-title-font-style:var(--h2_typography-font-style);--awb-caption-title-size:var(--h2_typography-font-size);--awb-caption-title-transform:var(--h2_typography-text-transform);--awb-caption-title-line-height:var(--h2_typography-line-height);--awb-caption-title-letter-spacing:var(--h2_typography-letter-spacing);\"><span class=\" fusion-imageframe imageframe-none imageframe-2 hover-type-none\"><a class=\"fusion-no-lightbox\" href=\"https:\/\/csl.org\/spiritual-development\/educacion-en-espanol\/circulos-de-vida-espiritual\/comienza-un-circulo\/\" target=\"_self\" aria-label=\"StartSmallGroup 400&#215;400\"><img loading=\"lazy\" decoding=\"async\" width=\"398\" height=\"399\" src=\"https:\/\/csl.org\/spiritual-development\/wp-content\/uploads\/sites\/4\/2021\/02\/StartSmallGroup-400x400-1.png\" data-orig-src=\"https:\/\/csl.org\/spiritual-development\/wp-content\/uploads\/sites\/4\/2021\/02\/StartSmallGroup-400x400-1.png\" alt class=\"lazyload img-responsive wp-image-7138\" srcset=\"data:image\/svg+xml,%3Csvg%20xmlns%3D%27http%3A%2F%2Fwww.w3.org%2F2000%2Fsvg%27%20width%3D%27398%27%20height%3D%27399%27%20viewBox%3D%270%200%20398%20399%27%3E%3Crect%20width%3D%27398%27%20height%3D%27399%27%20fill-opacity%3D%220%22%2F%3E%3C%2Fsvg%3E\" data-srcset=\"https:\/\/csl.org\/spiritual-development\/wp-content\/uploads\/sites\/4\/2021\/02\/StartSmallGroup-400x400-1-200x201.png 200w, https:\/\/csl.org\/spiritual-development\/wp-content\/uploads\/sites\/4\/2021\/02\/StartSmallGroup-400x400-1.png 398w\" data-sizes=\"auto\" data-orig-sizes=\"(max-width: 1024px) 100vw, (max-width: 640px) 100vw, 398px\" \/><\/a><\/span><\/div><div class=\"fusion-text fusion-text-3\"><h3 style=\"text-align: center;\"><a href=\"https:\/\/csl.org\/spiritual-development\/educacion-en-espanol\/circulos-de-vida-espiritual\/comienza-un-circulo\/\">Comienza un C\u00edrculo<\/a><\/h3>\n<\/div><\/div><\/div><div class=\"fusion-layout-column fusion_builder_column fusion-builder-column-3 fusion_builder_column_1_3 1_3 fusion-flex-column\" style=\"--awb-bg-size:cover;--awb-width-large:33.333333333333%;--awb-margin-top-large:0px;--awb-spacing-right-large:5.76%;--awb-margin-bottom-large:0px;--awb-spacing-left-large:5.76%;--awb-width-medium:100%;--awb-order-medium:0;--awb-spacing-right-medium:1.92%;--awb-spacing-left-medium:1.92%;--awb-width-small:100%;--awb-order-small:0;--awb-spacing-right-small:1.92%;--awb-spacing-left-small:1.92%;\"><div class=\"fusion-column-wrapper fusion-column-has-shadow fusion-flex-justify-content-flex-start fusion-content-layout-column\"><div class=\"fusion-image-element \" style=\"text-align:center;--awb-max-width:200px;--awb-caption-title-font-family:var(--h2_typography-font-family);--awb-caption-title-font-weight:var(--h2_typography-font-weight);--awb-caption-title-font-style:var(--h2_typography-font-style);--awb-caption-title-size:var(--h2_typography-font-size);--awb-caption-title-transform:var(--h2_typography-text-transform);--awb-caption-title-line-height:var(--h2_typography-line-height);--awb-caption-title-letter-spacing:var(--h2_typography-letter-spacing);\"><span class=\" fusion-imageframe imageframe-none imageframe-3 hover-type-none\"><a class=\"fusion-no-lightbox\" href=\"https:\/\/csl.org\/spiritual-development\/educacion-en-espanol\/circulos-de-vida-espiritual\/unete-a-un-circulo\/\" target=\"_self\" aria-label=\"StartACircle\"><img loading=\"lazy\" decoding=\"async\" width=\"500\" height=\"500\" src=\"https:\/\/csl.org\/spiritual-development\/wp-content\/uploads\/sites\/4\/2021\/03\/StartACircle-2.png\" data-orig-src=\"https:\/\/csl.org\/spiritual-development\/wp-content\/uploads\/sites\/4\/2021\/03\/StartACircle-2.png\" alt class=\"lazyload img-responsive wp-image-7708\" srcset=\"data:image\/svg+xml,%3Csvg%20xmlns%3D%27http%3A%2F%2Fwww.w3.org%2F2000%2Fsvg%27%20width%3D%27500%27%20height%3D%27500%27%20viewBox%3D%270%200%20500%20500%27%3E%3Crect%20width%3D%27500%27%20height%3D%27500%27%20fill-opacity%3D%220%22%2F%3E%3C%2Fsvg%3E\" data-srcset=\"https:\/\/csl.org\/spiritual-development\/wp-content\/uploads\/sites\/4\/2021\/03\/StartACircle-2-200x200.png 200w, https:\/\/csl.org\/spiritual-development\/wp-content\/uploads\/sites\/4\/2021\/03\/StartACircle-2-400x400.png 400w, https:\/\/csl.org\/spiritual-development\/wp-content\/uploads\/sites\/4\/2021\/03\/StartACircle-2.png 500w\" data-sizes=\"auto\" data-orig-sizes=\"(max-width: 1024px) 100vw, (max-width: 640px) 100vw, 400px\" \/><\/a><\/span><\/div><div class=\"fusion-text fusion-text-4\"><h3 style=\"text-align: center;\"><a href=\"https:\/\/csl.org\/spiritual-development\/educacion-en-espanol\/circulos-de-vida-espiritual\/unete-a-un-circulo\/\">\u00danete a un C\u00edrculo<\/a><\/h3>\n<\/div><\/div><\/div><\/div><\/div>\n","protected":false},"excerpt":{"rendered":"","protected":false},"author":1,"featured_media":0,"parent":7105,"menu_order":64,"comment_status":"closed","ping_status":"closed","template":"100-width.php","meta":{"_EventAllDay":false,"_EventTimezone":"","_EventStartDate":"","_EventEndDate":"","_EventStartDateUTC":"","_EventEndDateUTC":"","_EventShowMap":false,"_EventShowMapLink":false,"_EventURL":"","_EventCost":"","_EventCostDescription":"","_EventCurrencySymbol":"","_EventCurrencyCode":"","_EventCurrencyPosition":"","_EventDateTimeSeparator":"","_EventTimeRangeSeparator":"","_EventOrganizerID":[],"_EventVenueID":[],"_OrganizerEmail":"","_OrganizerPhone":"","_OrganizerWebsite":"","_VenueAddress":"","_VenueCity":"","_VenueCountry":"","_VenueProvince":"","_VenueState":"","_VenueZip":"","_VenuePhone":"","_VenueURL":"","_VenueStateProvince":"","_VenueLat":"","_VenueLng":"","_VenueShowMap":false,"_VenueShowMapLink":false,"footnotes":""},"class_list":["post-7108","page","type-page","status-publish","hentry"],"yoast_head":"<!-- This site is optimized with the Yoast SEO plugin v23.1 - https:\/\/yoast.com\/wordpress\/plugins\/seo\/ -->\n<title>C\u00edrculos de Vida Espiritual - Spiritual Development<\/title>\n<meta name=\"robots\" content=\"index, follow, max-snippet:-1, max-image-preview:large, max-video-preview:-1\" \/>\n<link rel=\"canonical\" href=\"https:\/\/csl.org\/spiritual-development\/educacion-en-espanol\/circulos-de-vida-espiritual\/\" \/>\n<meta property=\"og:locale\" content=\"en_US\" \/>\n<meta property=\"og:type\" content=\"article\" \/>\n<meta property=\"og:title\" content=\"C\u00edrculos de Vida Espiritual - Spiritual Development\" \/>\n<meta property=\"og:url\" content=\"https:\/\/csl.org\/spiritual-development\/educacion-en-espanol\/circulos-de-vida-espiritual\/\" \/>\n<meta property=\"og:site_name\" content=\"Spiritual Development\" \/>\n<meta property=\"article:modified_time\" content=\"2021-03-28T19:51:37+00:00\" \/>\n<meta property=\"og:image\" content=\"https:\/\/csl.org\/spiritual-development\/wp-content\/uploads\/sites\/4\/2021\/03\/SpiritualLivingCircles.png\" \/>\n<meta name=\"twitter:card\" content=\"summary_large_image\" \/>\n<meta name=\"twitter:label1\" content=\"Est. reading time\" \/>\n\t<meta name=\"twitter:data1\" content=\"4 minutes\" \/>\n<script type=\"application\/ld+json\" class=\"yoast-schema-graph\">{\"@context\":\"https:\/\/schema.org\",\"@graph\":[{\"@type\":\"WebPage\",\"@id\":\"https:\/\/csl.org\/spiritual-development\/educacion-en-espanol\/circulos-de-vida-espiritual\/\",\"url\":\"https:\/\/csl.org\/spiritual-development\/educacion-en-espanol\/circulos-de-vida-espiritual\/\",\"name\":\"C\u00edrculos de Vida Espiritual - Spiritual Development\",\"isPartOf\":{\"@id\":\"https:\/\/csl.org\/spiritual-development\/#website\"},\"primaryImageOfPage\":{\"@id\":\"https:\/\/csl.org\/spiritual-development\/educacion-en-espanol\/circulos-de-vida-espiritual\/#primaryimage\"},\"image\":{\"@id\":\"https:\/\/csl.org\/spiritual-development\/educacion-en-espanol\/circulos-de-vida-espiritual\/#primaryimage\"},\"thumbnailUrl\":\"https:\/\/csl.org\/spiritual-development\/wp-content\/uploads\/sites\/4\/2021\/03\/SpiritualLivingCircles.png\",\"datePublished\":\"2021-01-11T12:49:44+00:00\",\"dateModified\":\"2021-03-28T19:51:37+00:00\",\"breadcrumb\":{\"@id\":\"https:\/\/csl.org\/spiritual-development\/educacion-en-espanol\/circulos-de-vida-espiritual\/#breadcrumb\"},\"inLanguage\":\"en-US\",\"potentialAction\":[{\"@type\":\"ReadAction\",\"target\":[\"https:\/\/csl.org\/spiritual-development\/educacion-en-espanol\/circulos-de-vida-espiritual\/\"]}]},{\"@type\":\"ImageObject\",\"inLanguage\":\"en-US\",\"@id\":\"https:\/\/csl.org\/spiritual-development\/educacion-en-espanol\/circulos-de-vida-espiritual\/#primaryimage\",\"url\":\"https:\/\/csl.org\/spiritual-development\/wp-content\/uploads\/sites\/4\/2021\/03\/SpiritualLivingCircles.png\",\"contentUrl\":\"https:\/\/csl.org\/spiritual-development\/wp-content\/uploads\/sites\/4\/2021\/03\/SpiritualLivingCircles.png\"},{\"@type\":\"BreadcrumbList\",\"@id\":\"https:\/\/csl.org\/spiritual-development\/educacion-en-espanol\/circulos-de-vida-espiritual\/#breadcrumb\",\"itemListElement\":[{\"@type\":\"ListItem\",\"position\":1,\"name\":\"Home\",\"item\":\"https:\/\/csl.org\/spiritual-development\/\"},{\"@type\":\"ListItem\",\"position\":2,\"name\":\"Educaci\u00f3n en Espa\u00f1ol\",\"item\":\"https:\/\/csl.org\/spiritual-development\/educacion-en-espanol\/\"},{\"@type\":\"ListItem\",\"position\":3,\"name\":\"C\u00edrculos de Vida Espiritual\"}]},{\"@type\":\"WebSite\",\"@id\":\"https:\/\/csl.org\/spiritual-development\/#website\",\"url\":\"https:\/\/csl.org\/spiritual-development\/\",\"name\":\"Spiritual Development\",\"description\":\"Multisite\",\"potentialAction\":[{\"@type\":\"SearchAction\",\"target\":{\"@type\":\"EntryPoint\",\"urlTemplate\":\"https:\/\/csl.org\/spiritual-development\/?s={search_term_string}\"},\"query-input\":\"required name=search_term_string\"}],\"inLanguage\":\"en-US\"}]}<\/script>\n<!-- \/ Yoast SEO plugin. -->","yoast_head_json":{"title":"C\u00edrculos de Vida Espiritual - Spiritual Development","robots":{"index":"index","follow":"follow","max-snippet":"max-snippet:-1","max-image-preview":"max-image-preview:large","max-video-preview":"max-video-preview:-1"},"canonical":"https:\/\/csl.org\/spiritual-development\/educacion-en-espanol\/circulos-de-vida-espiritual\/","og_locale":"en_US","og_type":"article","og_title":"C\u00edrculos de Vida Espiritual - Spiritual Development","og_url":"https:\/\/csl.org\/spiritual-development\/educacion-en-espanol\/circulos-de-vida-espiritual\/","og_site_name":"Spiritual Development","article_modified_time":"2021-03-28T19:51:37+00:00","og_image":[{"url":"https:\/\/csl.org\/spiritual-development\/wp-content\/uploads\/sites\/4\/2021\/03\/SpiritualLivingCircles.png"}],"twitter_card":"summary_large_image","twitter_misc":{"Est. reading time":"4 minutes"},"schema":{"@context":"https:\/\/schema.org","@graph":[{"@type":"WebPage","@id":"https:\/\/csl.org\/spiritual-development\/educacion-en-espanol\/circulos-de-vida-espiritual\/","url":"https:\/\/csl.org\/spiritual-development\/educacion-en-espanol\/circulos-de-vida-espiritual\/","name":"C\u00edrculos de Vida Espiritual - Spiritual Development","isPartOf":{"@id":"https:\/\/csl.org\/spiritual-development\/#website"},"primaryImageOfPage":{"@id":"https:\/\/csl.org\/spiritual-development\/educacion-en-espanol\/circulos-de-vida-espiritual\/#primaryimage"},"image":{"@id":"https:\/\/csl.org\/spiritual-development\/educacion-en-espanol\/circulos-de-vida-espiritual\/#primaryimage"},"thumbnailUrl":"https:\/\/csl.org\/spiritual-development\/wp-content\/uploads\/sites\/4\/2021\/03\/SpiritualLivingCircles.png","datePublished":"2021-01-11T12:49:44+00:00","dateModified":"2021-03-28T19:51:37+00:00","breadcrumb":{"@id":"https:\/\/csl.org\/spiritual-development\/educacion-en-espanol\/circulos-de-vida-espiritual\/#breadcrumb"},"inLanguage":"en-US","potentialAction":[{"@type":"ReadAction","target":["https:\/\/csl.org\/spiritual-development\/educacion-en-espanol\/circulos-de-vida-espiritual\/"]}]},{"@type":"ImageObject","inLanguage":"en-US","@id":"https:\/\/csl.org\/spiritual-development\/educacion-en-espanol\/circulos-de-vida-espiritual\/#primaryimage","url":"https:\/\/csl.org\/spiritual-development\/wp-content\/uploads\/sites\/4\/2021\/03\/SpiritualLivingCircles.png","contentUrl":"https:\/\/csl.org\/spiritual-development\/wp-content\/uploads\/sites\/4\/2021\/03\/SpiritualLivingCircles.png"},{"@type":"BreadcrumbList","@id":"https:\/\/csl.org\/spiritual-development\/educacion-en-espanol\/circulos-de-vida-espiritual\/#breadcrumb","itemListElement":[{"@type":"ListItem","position":1,"name":"Home","item":"https:\/\/csl.org\/spiritual-development\/"},{"@type":"ListItem","position":2,"name":"Educaci\u00f3n en Espa\u00f1ol","item":"https:\/\/csl.org\/spiritual-development\/educacion-en-espanol\/"},{"@type":"ListItem","position":3,"name":"C\u00edrculos de Vida Espiritual"}]},{"@type":"WebSite","@id":"https:\/\/csl.org\/spiritual-development\/#website","url":"https:\/\/csl.org\/spiritual-development\/","name":"Spiritual Development","description":"Multisite","potentialAction":[{"@type":"SearchAction","target":{"@type":"EntryPoint","urlTemplate":"https:\/\/csl.org\/spiritual-development\/?s={search_term_string}"},"query-input":"required name=search_term_string"}],"inLanguage":"en-US"}]}},"_links":{"self":[{"href":"https:\/\/csl.org\/spiritual-development\/wp-json\/wp\/v2\/pages\/7108"}],"collection":[{"href":"https:\/\/csl.org\/spiritual-development\/wp-json\/wp\/v2\/pages"}],"about":[{"href":"https:\/\/csl.org\/spiritual-development\/wp-json\/wp\/v2\/types\/page"}],"author":[{"embeddable":true,"href":"https:\/\/csl.org\/spiritual-development\/wp-json\/wp\/v2\/users\/1"}],"replies":[{"embeddable":true,"href":"https:\/\/csl.org\/spiritual-development\/wp-json\/wp\/v2\/comments?post=7108"}],"version-history":[{"count":16,"href":"https:\/\/csl.org\/spiritual-development\/wp-json\/wp\/v2\/pages\/7108\/revisions"}],"predecessor-version":[{"id":8093,"href":"https:\/\/csl.org\/spiritual-development\/wp-json\/wp\/v2\/pages\/7108\/revisions\/8093"}],"up":[{"embeddable":true,"href":"https:\/\/csl.org\/spiritual-development\/wp-json\/wp\/v2\/pages\/7105"}],"wp:attachment":[{"href":"https:\/\/csl.org\/spiritual-development\/wp-json\/wp\/v2\/media?parent=7108"}],"curies":[{"name":"wp","href":"https:\/\/api.w.org\/{rel}","templated":true}]}}