{"id":7114,"date":"2021-01-11T12:59:29","date_gmt":"2021-01-11T12:59:29","guid":{"rendered":"https:\/\/multisite.csl.org\/spiritual-development\/?page_id=7114"},"modified":"2021-05-14T14:29:46","modified_gmt":"2021-05-14T14:29:46","slug":"camino-al-practicante","status":"publish","type":"page","link":"https:\/\/csl.org\/spiritual-development\/educacion-en-espanol\/educacion-certificada\/camino-al-practicante\/","title":{"rendered":"Camino al Practicante"},"content":{"rendered":"<div class=\"fusion-fullwidth fullwidth-box fusion-builder-row-1 fusion-flex-container gradient-container-1 nonhundred-percent-fullwidth non-hundred-percent-height-scrolling\" style=\"--awb-border-radius-top-left:0px;--awb-border-radius-top-right:0px;--awb-border-radius-bottom-right:0px;--awb-border-radius-bottom-left:0px;--awb-flex-wrap:wrap;\" ><div class=\"fusion-builder-row fusion-row fusion-flex-align-items-flex-start fusion-flex-content-wrap\" style=\"max-width:1352px;margin-left: calc(-4% \/ 2 );margin-right: calc(-4% \/ 2 );\"><div class=\"fusion-layout-column fusion_builder_column fusion-builder-column-0 fusion_builder_column_1_1 1_1 fusion-flex-column\" style=\"--awb-bg-size:cover;--awb-width-large:100%;--awb-margin-top-large:50px;--awb-spacing-right-large:1.92%;--awb-margin-bottom-large:0px;--awb-spacing-left-large:1.92%;--awb-width-medium:100%;--awb-order-medium:0;--awb-spacing-right-medium:1.92%;--awb-spacing-left-medium:1.92%;--awb-width-small:100%;--awb-order-small:0;--awb-spacing-right-small:1.92%;--awb-spacing-left-small:1.92%;\"><div class=\"fusion-column-wrapper fusion-column-has-shadow fusion-flex-justify-content-flex-start fusion-content-layout-column\"><div class=\"fusion-text fusion-text-1\" style=\"--awb-font-size:25px;--awb-text-font-family:&quot;Source Sans Pro&quot;;--awb-text-font-style:normal;--awb-text-font-weight:400;\"><h2 data-fontsize=\"32\" data-lineheight=\"48px\" class=\"fusion-responsive-typography-calculated\" style=\"line-height: 1.5\">Requisitos de Estudios de los Practicantes<\/h2>\n<p>Se requiere que los estudiantes completen una serie de 6 cursos de requisito antes de entrar en los estudios de practicantes. Los detalles se enumeran a continuaci\u00f3n.<\/p>\n<h3 data-fontsize=\"25\" data-lineheight=\"36.25px\" class=\"fusion-responsive-typography-calculated\" style=\"line-height: 1.45\">Camino al Practicante<\/h3>\n<p>1) Se recomienda que los estudiantes comiencen el Camino al Practicante completando un curso de <strong>Nivel Fundamental.<\/strong><\/p>\n<ul>\n<li>Fundamentos de la Ciencia de la Mente<\/li>\n<li>M\u00e1s all\u00e1 de los l\u00edmites<\/li>\n<li>Pr\u00e1cticas y Principios Espirituales<\/li>\n<\/ul>\n<p>2) Se requiere que los estudiantes completen un curso de <strong>Filosof\u00eda de Ernest Holmes<\/strong>.<\/p>\n<ul>\n<li>Lo Esencial de Holmes<\/li>\n<\/ul>\n<p>3) Se requiere que los estudiantes completen un curso de <strong>Historia\/Filosofia<\/strong>.<\/p>\n<ul>\n<li>Explorando las ra\u00edces de CM<\/li>\n<li>Sendero Hacia La Iluminaci\u00f3n<\/li>\n<\/ul>\n<p>4) Se requiere que los estudiantes completen ya sea 3 cursos de <strong>Conciencia<\/strong> o 2 de conciencia y un optativo.<\/p>\n<p><strong>Cursos de Conciencia<\/strong><\/p>\n<ul>\n<li>Las Conferencias de Edinburgo<\/li>\n<li>Misticismo Pr\u00e1ctico<\/li>\n<li>Dominio del Ser<\/li>\n<li>Tratamiento y Meditaci\u00f3n<\/li>\n<li>Sendero Hacia la Iluminaci\u00f3n (si no se a tomado en Filosof\u00eda).<\/li>\n<li>Equivalentes Mentales<\/li>\n<\/ul>\n<p><strong>Optativos<\/strong><\/p>\n<ul>\n<li>5 Regalos para Una Vida Abundante<\/li>\n<li>Sintonizaci\u00f3n (Visioning)<\/li>\n<li>Los Principios de Libertad Financiera<\/li>\n<\/ul>\n<p>Una vez que los estudiantes hayan completado los 6 cursos requeridos, pueden solicitar la entrada al Entrenamiento de Practicante a trav\u00e9s del Programa de Educaci\u00f3n en L\u00ednea.<\/p>\n<p>*Ning\u00fan estudiante tiene garantizada la entrada al Programa de Practicantes.<\/p>\n<p><a href=\"https:\/\/csl.org\/spiritual-development\/wp-content\/uploads\/sites\/4\/2021\/03\/CaminoALosEstudiosDePracticante.pdf\">Haga clic aqu\u00ed para la versi\u00f3n descargable.<\/a><\/p>\n<p><a href=\"https:\/\/csl.org\/spiritual-development\/educacion-en-espanol\/clases-en-linea\/\">Haga clic aqu\u00ed para la clases en linea<\/a><\/p>\n<p><img fetchpriority=\"high\" decoding=\"async\" class=\"lazyload alignnone size-full wp-image-7628\" src=\"https:\/\/csl.org\/spiritual-development\/wp-content\/uploads\/sites\/4\/2021\/03\/CaminoALosEstudiosDePracticante.png\" data-orig-src=\"https:\/\/csl.org\/spiritual-development\/wp-content\/uploads\/sites\/4\/2021\/03\/CaminoALosEstudiosDePracticante.png\" alt=\"\" width=\"999\" height=\"772\" srcset=\"data:image\/svg+xml,%3Csvg%20xmlns%3D%27http%3A%2F%2Fwww.w3.org%2F2000%2Fsvg%27%20width%3D%27999%27%20height%3D%27772%27%20viewBox%3D%270%200%20999%20772%27%3E%3Crect%20width%3D%27999%27%20height%3D%27772%27%20fill-opacity%3D%220%22%2F%3E%3C%2Fsvg%3E\" data-srcset=\"https:\/\/csl.org\/spiritual-development\/wp-content\/uploads\/sites\/4\/2021\/03\/CaminoALosEstudiosDePracticante-200x155.png 200w, https:\/\/csl.org\/spiritual-development\/wp-content\/uploads\/sites\/4\/2021\/03\/CaminoALosEstudiosDePracticante-300x232.png 300w, https:\/\/csl.org\/spiritual-development\/wp-content\/uploads\/sites\/4\/2021\/03\/CaminoALosEstudiosDePracticante-400x309.png 400w, https:\/\/csl.org\/spiritual-development\/wp-content\/uploads\/sites\/4\/2021\/03\/CaminoALosEstudiosDePracticante-600x464.png 600w, https:\/\/csl.org\/spiritual-development\/wp-content\/uploads\/sites\/4\/2021\/03\/CaminoALosEstudiosDePracticante-768x593.png 768w, https:\/\/csl.org\/spiritual-development\/wp-content\/uploads\/sites\/4\/2021\/03\/CaminoALosEstudiosDePracticante-800x618.png 800w, https:\/\/csl.org\/spiritual-development\/wp-content\/uploads\/sites\/4\/2021\/03\/CaminoALosEstudiosDePracticante.png 999w\" data-sizes=\"auto\" data-orig-sizes=\"(max-width: 999px) 100vw, 999px\" \/><\/p>\n<\/div><\/div><\/div><\/div><\/div>\n","protected":false},"excerpt":{"rendered":"","protected":false},"author":1,"featured_media":0,"parent":7111,"menu_order":66,"comment_status":"closed","ping_status":"closed","template":"100-width.php","meta":{"_EventAllDay":false,"_EventTimezone":"","_EventStartDate":"","_EventEndDate":"","_EventStartDateUTC":"","_EventEndDateUTC":"","_EventShowMap":false,"_EventShowMapLink":false,"_EventURL":"","_EventCost":"","_EventCostDescription":"","_EventCurrencySymbol":"","_EventCurrencyCode":"","_EventCurrencyPosition":"","_EventDateTimeSeparator":"","_EventTimeRangeSeparator":"","_EventOrganizerID":[],"_EventVenueID":[],"_OrganizerEmail":"","_OrganizerPhone":"","_OrganizerWebsite":"","_VenueAddress":"","_VenueCity":"","_VenueCountry":"","_VenueProvince":"","_VenueState":"","_VenueZip":"","_VenuePhone":"","_VenueURL":"","_VenueStateProvince":"","_VenueLat":"","_VenueLng":"","_VenueShowMap":false,"_VenueShowMapLink":false,"footnotes":""},"class_list":["post-7114","page","type-page","status-publish","hentry"],"yoast_head":"<!-- This site is optimized with the Yoast SEO plugin v23.1 - https:\/\/yoast.com\/wordpress\/plugins\/seo\/ -->\n<title>Camino al Practicante - Spiritual Development<\/title>\n<meta name=\"robots\" content=\"index, follow, max-snippet:-1, max-image-preview:large, max-video-preview:-1\" \/>\n<link rel=\"canonical\" href=\"https:\/\/csl.org\/spiritual-development\/educacion-en-espanol\/educacion-certificada\/camino-al-practicante\/\" \/>\n<meta property=\"og:locale\" content=\"en_US\" \/>\n<meta property=\"og:type\" content=\"article\" \/>\n<meta property=\"og:title\" content=\"Camino al Practicante - Spiritual Development\" \/>\n<meta property=\"og:url\" content=\"https:\/\/csl.org\/spiritual-development\/educacion-en-espanol\/educacion-certificada\/camino-al-practicante\/\" \/>\n<meta property=\"og:site_name\" content=\"Spiritual Development\" \/>\n<meta property=\"article:modified_time\" content=\"2021-05-14T14:29:46+00:00\" \/>\n<meta property=\"og:image\" content=\"https:\/\/csl.org\/spiritual-development\/wp-content\/uploads\/sites\/4\/2021\/03\/CaminoALosEstudiosDePracticante.png\" \/>\n<meta name=\"twitter:card\" content=\"summary_large_image\" \/>\n<meta name=\"twitter:label1\" content=\"Est. reading time\" \/>\n\t<meta name=\"twitter:data1\" content=\"2 minutes\" \/>\n<script type=\"application\/ld+json\" class=\"yoast-schema-graph\">{\"@context\":\"https:\/\/schema.org\",\"@graph\":[{\"@type\":\"WebPage\",\"@id\":\"https:\/\/csl.org\/spiritual-development\/educacion-en-espanol\/educacion-certificada\/camino-al-practicante\/\",\"url\":\"https:\/\/csl.org\/spiritual-development\/educacion-en-espanol\/educacion-certificada\/camino-al-practicante\/\",\"name\":\"Camino al Practicante - Spiritual Development\",\"isPartOf\":{\"@id\":\"https:\/\/csl.org\/spiritual-development\/#website\"},\"primaryImageOfPage\":{\"@id\":\"https:\/\/csl.org\/spiritual-development\/educacion-en-espanol\/educacion-certificada\/camino-al-practicante\/#primaryimage\"},\"image\":{\"@id\":\"https:\/\/csl.org\/spiritual-development\/educacion-en-espanol\/educacion-certificada\/camino-al-practicante\/#primaryimage\"},\"thumbnailUrl\":\"https:\/\/csl.org\/spiritual-development\/wp-content\/uploads\/sites\/4\/2021\/03\/CaminoALosEstudiosDePracticante.png\",\"datePublished\":\"2021-01-11T12:59:29+00:00\",\"dateModified\":\"2021-05-14T14:29:46+00:00\",\"breadcrumb\":{\"@id\":\"https:\/\/csl.org\/spiritual-development\/educacion-en-espanol\/educacion-certificada\/camino-al-practicante\/#breadcrumb\"},\"inLanguage\":\"en-US\",\"potentialAction\":[{\"@type\":\"ReadAction\",\"target\":[\"https:\/\/csl.org\/spiritual-development\/educacion-en-espanol\/educacion-certificada\/camino-al-practicante\/\"]}]},{\"@type\":\"ImageObject\",\"inLanguage\":\"en-US\",\"@id\":\"https:\/\/csl.org\/spiritual-development\/educacion-en-espanol\/educacion-certificada\/camino-al-practicante\/#primaryimage\",\"url\":\"https:\/\/csl.org\/spiritual-development\/wp-content\/uploads\/sites\/4\/2021\/03\/CaminoALosEstudiosDePracticante.png\",\"contentUrl\":\"https:\/\/csl.org\/spiritual-development\/wp-content\/uploads\/sites\/4\/2021\/03\/CaminoALosEstudiosDePracticante.png\"},{\"@type\":\"BreadcrumbList\",\"@id\":\"https:\/\/csl.org\/spiritual-development\/educacion-en-espanol\/educacion-certificada\/camino-al-practicante\/#breadcrumb\",\"itemListElement\":[{\"@type\":\"ListItem\",\"position\":1,\"name\":\"Home\",\"item\":\"https:\/\/csl.org\/spiritual-development\/\"},{\"@type\":\"ListItem\",\"position\":2,\"name\":\"Educaci\u00f3n en Espa\u00f1ol\",\"item\":\"https:\/\/csl.org\/spiritual-development\/educacion-en-espanol\/\"},{\"@type\":\"ListItem\",\"position\":3,\"name\":\"Educaci\u00f3n Certificada\",\"item\":\"https:\/\/csl.org\/spiritual-development\/educacion-en-espanol\/educacion-certificada\/\"},{\"@type\":\"ListItem\",\"position\":4,\"name\":\"Camino al Practicante\"}]},{\"@type\":\"WebSite\",\"@id\":\"https:\/\/csl.org\/spiritual-development\/#website\",\"url\":\"https:\/\/csl.org\/spiritual-development\/\",\"name\":\"Spiritual Development\",\"description\":\"Multisite\",\"potentialAction\":[{\"@type\":\"SearchAction\",\"target\":{\"@type\":\"EntryPoint\",\"urlTemplate\":\"https:\/\/csl.org\/spiritual-development\/?s={search_term_string}\"},\"query-input\":\"required name=search_term_string\"}],\"inLanguage\":\"en-US\"}]}<\/script>\n<!-- \/ Yoast SEO plugin. -->","yoast_head_json":{"title":"Camino al Practicante - Spiritual Development","robots":{"index":"index","follow":"follow","max-snippet":"max-snippet:-1","max-image-preview":"max-image-preview:large","max-video-preview":"max-video-preview:-1"},"canonical":"https:\/\/csl.org\/spiritual-development\/educacion-en-espanol\/educacion-certificada\/camino-al-practicante\/","og_locale":"en_US","og_type":"article","og_title":"Camino al Practicante - Spiritual Development","og_url":"https:\/\/csl.org\/spiritual-development\/educacion-en-espanol\/educacion-certificada\/camino-al-practicante\/","og_site_name":"Spiritual Development","article_modified_time":"2021-05-14T14:29:46+00:00","og_image":[{"url":"https:\/\/csl.org\/spiritual-development\/wp-content\/uploads\/sites\/4\/2021\/03\/CaminoALosEstudiosDePracticante.png"}],"twitter_card":"summary_large_image","twitter_misc":{"Est. reading time":"2 minutes"},"schema":{"@context":"https:\/\/schema.org","@graph":[{"@type":"WebPage","@id":"https:\/\/csl.org\/spiritual-development\/educacion-en-espanol\/educacion-certificada\/camino-al-practicante\/","url":"https:\/\/csl.org\/spiritual-development\/educacion-en-espanol\/educacion-certificada\/camino-al-practicante\/","name":"Camino al Practicante - Spiritual Development","isPartOf":{"@id":"https:\/\/csl.org\/spiritual-development\/#website"},"primaryImageOfPage":{"@id":"https:\/\/csl.org\/spiritual-development\/educacion-en-espanol\/educacion-certificada\/camino-al-practicante\/#primaryimage"},"image":{"@id":"https:\/\/csl.org\/spiritual-development\/educacion-en-espanol\/educacion-certificada\/camino-al-practicante\/#primaryimage"},"thumbnailUrl":"https:\/\/csl.org\/spiritual-development\/wp-content\/uploads\/sites\/4\/2021\/03\/CaminoALosEstudiosDePracticante.png","datePublished":"2021-01-11T12:59:29+00:00","dateModified":"2021-05-14T14:29:46+00:00","breadcrumb":{"@id":"https:\/\/csl.org\/spiritual-development\/educacion-en-espanol\/educacion-certificada\/camino-al-practicante\/#breadcrumb"},"inLanguage":"en-US","potentialAction":[{"@type":"ReadAction","target":["https:\/\/csl.org\/spiritual-development\/educacion-en-espanol\/educacion-certificada\/camino-al-practicante\/"]}]},{"@type":"ImageObject","inLanguage":"en-US","@id":"https:\/\/csl.org\/spiritual-development\/educacion-en-espanol\/educacion-certificada\/camino-al-practicante\/#primaryimage","url":"https:\/\/csl.org\/spiritual-development\/wp-content\/uploads\/sites\/4\/2021\/03\/CaminoALosEstudiosDePracticante.png","contentUrl":"https:\/\/csl.org\/spiritual-development\/wp-content\/uploads\/sites\/4\/2021\/03\/CaminoALosEstudiosDePracticante.png"},{"@type":"BreadcrumbList","@id":"https:\/\/csl.org\/spiritual-development\/educacion-en-espanol\/educacion-certificada\/camino-al-practicante\/#breadcrumb","itemListElement":[{"@type":"ListItem","position":1,"name":"Home","item":"https:\/\/csl.org\/spiritual-development\/"},{"@type":"ListItem","position":2,"name":"Educaci\u00f3n en Espa\u00f1ol","item":"https:\/\/csl.org\/spiritual-development\/educacion-en-espanol\/"},{"@type":"ListItem","position":3,"name":"Educaci\u00f3n Certificada","item":"https:\/\/csl.org\/spiritual-development\/educacion-en-espanol\/educacion-certificada\/"},{"@type":"ListItem","position":4,"name":"Camino al Practicante"}]},{"@type":"WebSite","@id":"https:\/\/csl.org\/spiritual-development\/#website","url":"https:\/\/csl.org\/spiritual-development\/","name":"Spiritual Development","description":"Multisite","potentialAction":[{"@type":"SearchAction","target":{"@type":"EntryPoint","urlTemplate":"https:\/\/csl.org\/spiritual-development\/?s={search_term_string}"},"query-input":"required name=search_term_string"}],"inLanguage":"en-US"}]}},"_links":{"self":[{"href":"https:\/\/csl.org\/spiritual-development\/wp-json\/wp\/v2\/pages\/7114"}],"collection":[{"href":"https:\/\/csl.org\/spiritual-development\/wp-json\/wp\/v2\/pages"}],"about":[{"href":"https:\/\/csl.org\/spiritual-development\/wp-json\/wp\/v2\/types\/page"}],"author":[{"embeddable":true,"href":"https:\/\/csl.org\/spiritual-development\/wp-json\/wp\/v2\/users\/1"}],"replies":[{"embeddable":true,"href":"https:\/\/csl.org\/spiritual-development\/wp-json\/wp\/v2\/comments?post=7114"}],"version-history":[{"count":8,"href":"https:\/\/csl.org\/spiritual-development\/wp-json\/wp\/v2\/pages\/7114\/revisions"}],"predecessor-version":[{"id":8260,"href":"https:\/\/csl.org\/spiritual-development\/wp-json\/wp\/v2\/pages\/7114\/revisions\/8260"}],"up":[{"embeddable":true,"href":"https:\/\/csl.org\/spiritual-development\/wp-json\/wp\/v2\/pages\/7111"}],"wp:attachment":[{"href":"https:\/\/csl.org\/spiritual-development\/wp-json\/wp\/v2\/media?parent=7114"}],"curies":[{"name":"wp","href":"https:\/\/api.w.org\/{rel}","templated":true}]}}