{"id":7117,"date":"2021-01-11T13:07:29","date_gmt":"2021-01-11T13:07:29","guid":{"rendered":"https:\/\/multisite.csl.org\/spiritual-development\/?page_id=7117"},"modified":"2021-05-14T14:32:01","modified_gmt":"2021-05-14T14:32:01","slug":"clases-en-linea","status":"publish","type":"page","link":"https:\/\/csl.org\/spiritual-development\/educacion-en-espanol\/clases-en-linea\/","title":{"rendered":"Clases en L\u00ednea"},"content":{"rendered":"<div class=\"fusion-fullwidth fullwidth-box fusion-builder-row-1 fusion-flex-container gradient-container-1 nonhundred-percent-fullwidth non-hundred-percent-height-scrolling\" style=\"--awb-border-radius-top-left:0px;--awb-border-radius-top-right:0px;--awb-border-radius-bottom-right:0px;--awb-border-radius-bottom-left:0px;--awb-flex-wrap:wrap;\" ><div class=\"fusion-builder-row fusion-row fusion-flex-align-items-flex-start fusion-flex-content-wrap\" style=\"max-width:1352px;margin-left: calc(-4% \/ 2 );margin-right: calc(-4% \/ 2 );\"><div class=\"fusion-layout-column fusion_builder_column fusion-builder-column-0 fusion_builder_column_1_1 1_1 fusion-flex-column\" style=\"--awb-bg-size:cover;--awb-width-large:100%;--awb-margin-top-large:50px;--awb-spacing-right-large:1.92%;--awb-margin-bottom-large:0px;--awb-spacing-left-large:1.92%;--awb-width-medium:100%;--awb-order-medium:0;--awb-spacing-right-medium:1.92%;--awb-spacing-left-medium:1.92%;--awb-width-small:100%;--awb-order-small:0;--awb-spacing-right-small:1.92%;--awb-spacing-left-small:1.92%;\"><div class=\"fusion-column-wrapper fusion-column-has-shadow fusion-flex-justify-content-flex-start fusion-content-layout-column\"><div class=\"fusion-text fusion-text-1\" style=\"--awb-font-size:25px;--awb-text-font-family:&quot;Source Sans Pro&quot;;--awb-text-font-style:normal;--awb-text-font-weight:400;\"><p><a href=\"https:\/\/csl.org\/spiritual-development\/online-program\/upcoming-courses\/\">Cursos Primavera de 2021<\/a><\/p>\n<p>CSL est\u00e1 iniciando clases en Espa\u00f1ol en 2021. Si est\u00e1 interesada(o), por favor, complete el siguiente formulario de la lista de espera.<\/p>\n<p>Cursos de Primavera (Spring) to Cursos para el Oto\u00f1o 2021(fall). <\/p>\n<\/p>\n<div id=\"quform-a8dccb\" class=\"quform quform-21 quform-theme-light quform-support-page-caching\"><form id=\"quform-form-a8dccb\" class=\"quform-form quform-form-21\" action=\"\/spiritual-development\/wp-json\/wp\/v2\/pages\/7117#quform-a8dccb\" method=\"post\" enctype=\"multipart\/form-data\" novalidate=\"novalidate\" data-options=\"{&quot;id&quot;:21,&quot;uniqueId&quot;:&quot;a8dccb&quot;,&quot;theme&quot;:&quot;light&quot;,&quot;ajax&quot;:true,&quot;logic&quot;:{&quot;logic&quot;:[],&quot;dependents&quot;:[],&quot;elementIds&quot;:[],&quot;dependentElementIds&quot;:[],&quot;animate&quot;:true},&quot;currentPageId&quot;:1,&quot;errorsIcon&quot;:&quot;&quot;,&quot;updateFancybox&quot;:true,&quot;hasPages&quot;:false,&quot;pages&quot;:[1],&quot;pageProgressType&quot;:&quot;numbers&quot;,&quot;tooltipsEnabled&quot;:true,&quot;tooltipClasses&quot;:&quot;qtip-quform-dark qtip-shadow&quot;,&quot;tooltipMy&quot;:&quot;left center&quot;,&quot;tooltipAt&quot;:&quot;right center&quot;,&quot;isRtl&quot;:false,&quot;scrollOffset&quot;:-50,&quot;scrollSpeed&quot;:800}\"><button class=\"quform-default-submit\" name=\"quform_submit\" type=\"submit\" value=\"submit\" aria-hidden=\"true\" tabindex=\"-1\"><\/button><div class=\"quform-form-inner quform-form-inner-21\"><input type=\"hidden\" name=\"quform_form_id\" value=\"21\" \/><input type=\"hidden\" name=\"quform_form_uid\" value=\"a8dccb\" \/><input type=\"hidden\" name=\"quform_count\" value=\"1\" \/><input type=\"hidden\" name=\"form_url\" value=\"https:\/\/csl.org\/spiritual-development\/wp-json\/wp\/v2\/pages\/7117\" \/><input type=\"hidden\" name=\"referring_url\" value=\"\" \/><input type=\"hidden\" name=\"post_id\" value=\"\" \/><input type=\"hidden\" name=\"post_title\" value=\"\" \/><input type=\"hidden\" name=\"quform_current_page_id\" value=\"1\" \/><input type=\"hidden\" name=\"quform_csrf_token\" value=\"XMIfXOXgfFlKtVZvVUBt9npxAsWFcKJoMxVacUE0\" \/><div class=\"quform-elements quform-elements-21 quform-cf quform-responsive-elements-phone-landscape\"><div class=\"quform-element quform-element-page quform-page-1 quform-page-21_1 quform-cf quform-group-style-plain quform-first-page quform-last-page quform-current-page\"><div class=\"quform-child-elements\"><div class=\"quform-element quform-element-html quform-element-21_17 quform-cf\"><div class=\"quform-spacer\"><div class=\"quform-element quform-element-html quform-element-1_16 quform-cf\">\n<div class=\"quform-spacer\"><span style=\"color: #800000;\">All fields with (*) are required.<\/span><\/div>\n<\/div><\/div><\/div><div class=\"quform-element quform-element-text quform-element-21_18 quform-cf quform-element-required\"><div class=\"quform-spacer\"><div class=\"quform-label quform-label-21_18\"><label class=\"quform-label-text\" for=\"quform_21_18_a8dccb\">Nombre:<span class=\"quform-required\">*<\/span><\/label><\/div><div class=\"quform-inner quform-inner-text quform-inner-21_18\"><div class=\"quform-input quform-input-text quform-input-21_18 quform-cf\"><input type=\"text\" id=\"quform_21_18_a8dccb\" name=\"quform_21_18\" class=\"quform-field quform-field-text quform-field-21_18\" \/><\/div><\/div><\/div><\/div><div class=\"quform-element quform-element-email quform-element-21_3 quform-cf quform-element-required\"><div class=\"quform-spacer\"><div class=\"quform-label quform-label-21_3\"><label class=\"quform-label-text\" for=\"quform_21_3_a8dccb\">Correo electr\u00f3nico:<span class=\"quform-required\">*<\/span><\/label><\/div><div class=\"quform-inner quform-inner-email quform-inner-21_3\"><div class=\"quform-input quform-input-email quform-input-21_3 quform-cf\"><input type=\"email\" id=\"quform_21_3_a8dccb\" name=\"quform_21_3\" class=\"quform-field quform-field-email quform-field-21_3\" \/><\/div><\/div><\/div><\/div><div class=\"quform-element quform-element-text quform-element-21_11 quform-cf quform-element-required\"><div class=\"quform-spacer\"><div class=\"quform-label quform-label-21_11\"><label class=\"quform-label-text\" for=\"quform_21_11_a8dccb\">Tema:<span class=\"quform-required\">*<\/span><\/label><\/div><div class=\"quform-inner quform-inner-text quform-inner-21_11\"><div class=\"quform-input quform-input-text quform-input-21_11 quform-cf\"><input type=\"text\" id=\"quform_21_11_a8dccb\" name=\"quform_21_11\" class=\"quform-field quform-field-text quform-field-21_11\" \/><\/div><\/div><\/div><\/div><div class=\"quform-element quform-element-textarea quform-element-21_4 quform-cf quform-element-required\"><div class=\"quform-spacer\"><div class=\"quform-label quform-label-21_4\"><label class=\"quform-label-text\" for=\"quform_21_4_a8dccb\">Mensaje:<span class=\"quform-required\">*<\/span><\/label><\/div><div class=\"quform-inner quform-inner-textarea quform-inner-21_4\"><div class=\"quform-input quform-input-textarea quform-input-21_4 quform-cf\"><textarea id=\"quform_21_4_a8dccb\" name=\"quform_21_4\" class=\"quform-field quform-field-textarea quform-field-21_4\"><\/textarea><\/div><\/div><\/div><\/div><div class=\"quform-element quform-element-checkbox quform-element-21_9 quform-cf quform-element-required\"><div class=\"quform-spacer\"><div class=\"quform-label quform-label-21_9\"><label class=\"quform-label-text\" id=\"quform_21_9_a8dccb_label\">Doy mi consentimiento para que este sitio web recoja mis datos a trav\u00e9s de este formulario.<span class=\"quform-required\">*<\/span><\/label><\/div><div class=\"quform-inner quform-inner-checkbox quform-inner-21_9\"><div class=\"quform-input quform-input-checkbox quform-input-21_9 quform-cf\"><div class=\"quform-options quform-cf quform-options-block quform-options-simple\" role=\"group\" aria-labelledby=\"quform_21_9_a8dccb_label\"><div class=\"quform-option\"><input type=\"checkbox\" name=\"quform_21_9[]\" id=\"quform_21_9_a8dccb_1\" class=\"quform-field quform-field-checkbox quform-field-21_9 quform-field-21_9_1\" value=\"S\u00ed\" \/><label for=\"quform_21_9_a8dccb_1\" class=\"quform-option-label quform-option-label-21_9_1\"><span class=\"quform-option-text\">S\u00ed<\/span><\/label><\/div><\/div><\/div><\/div><\/div><\/div><div class=\"quform-element quform-element-captcha quform-element-21_10 quform-cf quform-element-required\"><div class=\"quform-spacer\"><div class=\"quform-label quform-label-21_10\"><label class=\"quform-label-text\" for=\"quform_21_10_a8dccb\">Por favor, escriba los caracteres.<span class=\"quform-required\">*<\/span><\/label><\/div><div class=\"quform-inner quform-inner-captcha quform-inner-21_10\"><div class=\"quform-input quform-input-captcha quform-input-21_10 quform-cf\"><input type=\"text\" id=\"quform_21_10_a8dccb\" name=\"quform_21_10\" class=\"quform-field quform-field-captcha quform-field-21_10\" \/><\/div><div class=\"quform-captcha quform-cf\"><div class=\"quform-captcha-image quform-captcha-image-21_10\"><img decoding=\"async\" class=\"quform-captcha-image-img\" src=\"data:image\/png;base64,iVBORw0KGgoAAAANSUhEUgAAAZAAAAB4BAMAAAAu8bmkAAAAG1BMVEX\/\/\/8iIiKsrKxZWVl0dHTHx8fj4+M9PT2QkJC4d5LfAAAACXBIWXMAAA7EAAAOxAGVKw4bAAAF6UlEQVR4nO2Zz3\/aNhTAwdiGY1WykiOkSctxSlmTI3zKuhxDN\/LJ0bRh5Fg3abJj4JOu+bNnybb8JFuOKRLZZ3vfCyCE9J7eT4taDUEQBEEQBEEQBEEQBPlf8nJwut0N\/f7JKwvLLgjZsbCsHn9ECHlvfl0aLds1v6ye6OQI6Rj3Ao8t+7PpVcsI2Y7ks+llW1ZWLcHhepDnVtatZBH\/fnVmYMNGFJOvLcSlT6rGyIy59qDSVD1eP4rJ7sxGgolySLvSxJ7GJfYHQeXNXvI17mYWXIsFyZ1fZeKSC5E7yd4aIfY6jo\/2Jyv5xTv9gwwrzIstolqvoQvc+TQXUS5JuKHXwfqCPob\/nZCfKsxrFlnEp0VWqtU+svG2UsBHqSLVfHlNLsNiUfL076OZu\/JYo9DdaheJxH\/DQWaQ9mqf7WehKUrMXW3yKOdGtFARJz16KR9O4oLu2qnAibmrHdFIdUK3OAEIH5IMGCn9Ivn2xQYSF+MnGw4rzY684pk0EGWy5zl3i9XrvKGKSVjiZa+zajG5Hqki5RnUP79fncaiSBOZCx3kFWGJ+jB6\/Z3As2ddXcDeNG1UEXbIV+SRI3L42R5yrSXvjrx+18mJ5YmMLMWUZUUmnV9rj6QtJ+5XyVcvdQ4g2rCVE6uZdumetLCXhmLdiiK1IE49JTNE6H5Q0tCCVYS8IsvUwK6kiJ8eQ89GsNeSlUv6xoZIQW05vfkhCxk355dhmjtcueonWct7NCR\/mHppZs9yqVJwIg07QV4RJ40FVeSkjiwVBzWIS0qMzYtb53gcB0oHfEO5Cg31tw3uT\/50GkSmjjQVsB6nM2Z+DEdN4pGS8OPbd6NJPHWBLsmNHbKpKsLLBG9Ejs\/6XbBLKMxqvowkhCV9HPOEt+yNo1TqZfwpp0gUcc++xwKzAxAshB7mbx6gsIHmu1B4Qk8ynJP0A3W12o\/iyhSnB7AqFYpYuAtKmOnjz8k8wZWcYpJYcaYqknmQNN8XykktsVka+ozYIKIRY6EkZGZy3bA3M\/WnifsMjvir8KLoRDpn0709ExcYWhyiDcB65nU+VJflgKvx6uDPiaJIfPJfgqSzEfHjbeNGk22u2WWS5QEPlpse8J+dk1UWvlyReLEWTHNs\/JU\/7T+MH1bWgr2kSellKqbhzZHLJMhm\/OpyKH6c+RYF0w9NKwDE1TQpyyxTteCkpaxIdgxMkbRsulD1CZz+xbACKfomBXTiLjxft0yR1D5SVHnS\/KFxHYRYxU0KzdJAk8Bq432I3P3NUZiESTYOEweFufkCKqI+jBlC36QAReqFgRT52GH\/vis+MysI4aXHc1baO8cH0zm7jdEW4A0JdU0KcK1Z4ZyRWku1ikR77MSuyRxA\/pExtE3KMvOCSWGOzilCZUXEexd0vdTafzLaJqWXmaFX6NlUzXdLECMhCPYJsM46F8broW1SZpmplvk4mp\/NcycwkbOWOPkRSFX2FNE2Kc1MUJqbkuTg9skKDDbkOtJNxynQmFrLv9ompSU09PMpOqtx4HydTPUJzHOjzDpSaTUMlR9jBUz8+EFoQdSGHSgCfY6mH9kzYRZV2eUJ+4O6cDMT9ErSFtmNvrlUDp6xKFSEhdX79Kef4XD8xPhxpPNjE9R11ua3QZ2Td1xeJWf690e3t7fsixswyp+Jr1fs30J4zcADajB+R\/lKhXuZoKHLv34IGou\/DoKCGVFvLg2DhhIcvLTQV4Oiy7S0xXZBIPApXEf294h075NFlK1Oi6FXxJcfPYYVFhPtobSiT4Vhg03FLeT8W01J+TLgQiofJsVc8J90lGsGLz6Sq2+byavjEz84Vvh0T6Deb2z\/HVpdkZrfH49XQW54vrc6sHb7QHl+ZwGqnzN\/iMSKj\/nOlhyb4vDYY179+CXHfP\/oegsi\/RgsynfO2Vlb+tNiW7REGHefWpTNEFeZFnP7dqD\/DYOIyv32qeXYmLje\/fLUYhjgMiRXFq\/6t0nw1AIgCIIgCIIgCIIgCIIgCIIgCIIgCIIgyL+bfwCMWPZj8TJyLAAAAABJRU5ErkJggg==\" alt=\"CAPTCHA image\" data-element-id=\"10\" width=\"200\" height=\"60\" \/><\/div><\/div><p class=\"quform-description quform-description-below\">Esto nos ayuda a prevenir el spam, gracias.<\/p><\/div><\/div><\/div><div class=\"quform-element quform-element-submit quform-element-21_2 quform-cf quform-button-style-classic quform-button-size-fat quform-button-width-large\"><div class=\"quform-button-submit quform-button-submit-default quform-button-submit-21_2\"><button name=\"quform_submit\" type=\"submit\" class=\"quform-submit\" value=\"submit\"><span class=\"quform-button-text quform-button-submit-text\">Send<\/span><\/button><\/div><div class=\"quform-loading quform-loading-position-left quform-loading-type-spinner-1\"><div class=\"quform-loading-inner\"><div class=\"quform-loading-spinner\"><div class=\"quform-loading-spinner-inner\"><\/div><\/div><\/div><\/div><\/div><div class=\"quform-element-tree\"><label for=\"quform_21_0_a8dccb\">This field should be left blank<\/label><input type=\"text\" id=\"quform_21_0_a8dccb\" name=\"quform_21_0\" class=\"quform-field quform-field-tree quform-field-21_0\" tabindex=\"-1\" autocomplete=\"off\" \/><\/div><\/div><\/div><\/div><\/div><\/form><\/div>\n<\/div><\/div><\/div><\/div><\/div>\n","protected":false},"excerpt":{"rendered":"","protected":false},"author":1,"featured_media":0,"parent":7105,"menu_order":67,"comment_status":"closed","ping_status":"closed","template":"100-width.php","meta":{"_EventAllDay":false,"_EventTimezone":"","_EventStartDate":"","_EventEndDate":"","_EventStartDateUTC":"","_EventEndDateUTC":"","_EventShowMap":false,"_EventShowMapLink":false,"_EventURL":"","_EventCost":"","_EventCostDescription":"","_EventCurrencySymbol":"","_EventCurrencyCode":"","_EventCurrencyPosition":"","_EventDateTimeSeparator":"","_EventTimeRangeSeparator":"","_EventOrganizerID":[],"_EventVenueID":[],"_OrganizerEmail":"","_OrganizerPhone":"","_OrganizerWebsite":"","_VenueAddress":"","_VenueCity":"","_VenueCountry":"","_VenueProvince":"","_VenueState":"","_VenueZip":"","_VenuePhone":"","_VenueURL":"","_VenueStateProvince":"","_VenueLat":"","_VenueLng":"","_VenueShowMap":false,"_VenueShowMapLink":false,"footnotes":""},"class_list":["post-7117","page","type-page","status-publish","hentry"],"yoast_head":"<!-- This site is optimized with the Yoast SEO plugin v23.1 - https:\/\/yoast.com\/wordpress\/plugins\/seo\/ -->\n<title>Clases en L\u00ednea - Spiritual Development<\/title>\n<meta name=\"robots\" content=\"index, follow, max-snippet:-1, max-image-preview:large, max-video-preview:-1\" \/>\n<link rel=\"canonical\" href=\"https:\/\/csl.org\/spiritual-development\/educacion-en-espanol\/clases-en-linea\/\" \/>\n<meta property=\"og:locale\" content=\"en_US\" \/>\n<meta property=\"og:type\" content=\"article\" \/>\n<meta property=\"og:title\" content=\"Clases en L\u00ednea - Spiritual Development\" \/>\n<meta property=\"og:url\" content=\"https:\/\/csl.org\/spiritual-development\/educacion-en-espanol\/clases-en-linea\/\" \/>\n<meta property=\"og:site_name\" content=\"Spiritual Development\" \/>\n<meta property=\"article:modified_time\" content=\"2021-05-14T14:32:01+00:00\" \/>\n<meta name=\"twitter:card\" content=\"summary_large_image\" \/>\n<meta name=\"twitter:label1\" content=\"Est. reading time\" \/>\n\t<meta name=\"twitter:data1\" content=\"1 minute\" \/>\n<script type=\"application\/ld+json\" class=\"yoast-schema-graph\">{\"@context\":\"https:\/\/schema.org\",\"@graph\":[{\"@type\":\"WebPage\",\"@id\":\"https:\/\/csl.org\/spiritual-development\/educacion-en-espanol\/clases-en-linea\/\",\"url\":\"https:\/\/csl.org\/spiritual-development\/educacion-en-espanol\/clases-en-linea\/\",\"name\":\"Clases en L\u00ednea - Spiritual Development\",\"isPartOf\":{\"@id\":\"https:\/\/csl.org\/spiritual-development\/#website\"},\"datePublished\":\"2021-01-11T13:07:29+00:00\",\"dateModified\":\"2021-05-14T14:32:01+00:00\",\"breadcrumb\":{\"@id\":\"https:\/\/csl.org\/spiritual-development\/educacion-en-espanol\/clases-en-linea\/#breadcrumb\"},\"inLanguage\":\"en-US\",\"potentialAction\":[{\"@type\":\"ReadAction\",\"target\":[\"https:\/\/csl.org\/spiritual-development\/educacion-en-espanol\/clases-en-linea\/\"]}]},{\"@type\":\"BreadcrumbList\",\"@id\":\"https:\/\/csl.org\/spiritual-development\/educacion-en-espanol\/clases-en-linea\/#breadcrumb\",\"itemListElement\":[{\"@type\":\"ListItem\",\"position\":1,\"name\":\"Home\",\"item\":\"https:\/\/csl.org\/spiritual-development\/\"},{\"@type\":\"ListItem\",\"position\":2,\"name\":\"Educaci\u00f3n en Espa\u00f1ol\",\"item\":\"https:\/\/csl.org\/spiritual-development\/educacion-en-espanol\/\"},{\"@type\":\"ListItem\",\"position\":3,\"name\":\"Clases en L\u00ednea\"}]},{\"@type\":\"WebSite\",\"@id\":\"https:\/\/csl.org\/spiritual-development\/#website\",\"url\":\"https:\/\/csl.org\/spiritual-development\/\",\"name\":\"Spiritual Development\",\"description\":\"Multisite\",\"potentialAction\":[{\"@type\":\"SearchAction\",\"target\":{\"@type\":\"EntryPoint\",\"urlTemplate\":\"https:\/\/csl.org\/spiritual-development\/?s={search_term_string}\"},\"query-input\":\"required name=search_term_string\"}],\"inLanguage\":\"en-US\"}]}<\/script>\n<!-- \/ Yoast SEO plugin. -->","yoast_head_json":{"title":"Clases en L\u00ednea - Spiritual Development","robots":{"index":"index","follow":"follow","max-snippet":"max-snippet:-1","max-image-preview":"max-image-preview:large","max-video-preview":"max-video-preview:-1"},"canonical":"https:\/\/csl.org\/spiritual-development\/educacion-en-espanol\/clases-en-linea\/","og_locale":"en_US","og_type":"article","og_title":"Clases en L\u00ednea - Spiritual Development","og_url":"https:\/\/csl.org\/spiritual-development\/educacion-en-espanol\/clases-en-linea\/","og_site_name":"Spiritual Development","article_modified_time":"2021-05-14T14:32:01+00:00","twitter_card":"summary_large_image","twitter_misc":{"Est. reading time":"1 minute"},"schema":{"@context":"https:\/\/schema.org","@graph":[{"@type":"WebPage","@id":"https:\/\/csl.org\/spiritual-development\/educacion-en-espanol\/clases-en-linea\/","url":"https:\/\/csl.org\/spiritual-development\/educacion-en-espanol\/clases-en-linea\/","name":"Clases en L\u00ednea - Spiritual Development","isPartOf":{"@id":"https:\/\/csl.org\/spiritual-development\/#website"},"datePublished":"2021-01-11T13:07:29+00:00","dateModified":"2021-05-14T14:32:01+00:00","breadcrumb":{"@id":"https:\/\/csl.org\/spiritual-development\/educacion-en-espanol\/clases-en-linea\/#breadcrumb"},"inLanguage":"en-US","potentialAction":[{"@type":"ReadAction","target":["https:\/\/csl.org\/spiritual-development\/educacion-en-espanol\/clases-en-linea\/"]}]},{"@type":"BreadcrumbList","@id":"https:\/\/csl.org\/spiritual-development\/educacion-en-espanol\/clases-en-linea\/#breadcrumb","itemListElement":[{"@type":"ListItem","position":1,"name":"Home","item":"https:\/\/csl.org\/spiritual-development\/"},{"@type":"ListItem","position":2,"name":"Educaci\u00f3n en Espa\u00f1ol","item":"https:\/\/csl.org\/spiritual-development\/educacion-en-espanol\/"},{"@type":"ListItem","position":3,"name":"Clases en L\u00ednea"}]},{"@type":"WebSite","@id":"https:\/\/csl.org\/spiritual-development\/#website","url":"https:\/\/csl.org\/spiritual-development\/","name":"Spiritual Development","description":"Multisite","potentialAction":[{"@type":"SearchAction","target":{"@type":"EntryPoint","urlTemplate":"https:\/\/csl.org\/spiritual-development\/?s={search_term_string}"},"query-input":"required name=search_term_string"}],"inLanguage":"en-US"}]}},"_links":{"self":[{"href":"https:\/\/csl.org\/spiritual-development\/wp-json\/wp\/v2\/pages\/7117"}],"collection":[{"href":"https:\/\/csl.org\/spiritual-development\/wp-json\/wp\/v2\/pages"}],"about":[{"href":"https:\/\/csl.org\/spiritual-development\/wp-json\/wp\/v2\/types\/page"}],"author":[{"embeddable":true,"href":"https:\/\/csl.org\/spiritual-development\/wp-json\/wp\/v2\/users\/1"}],"replies":[{"embeddable":true,"href":"https:\/\/csl.org\/spiritual-development\/wp-json\/wp\/v2\/comments?post=7117"}],"version-history":[{"count":9,"href":"https:\/\/csl.org\/spiritual-development\/wp-json\/wp\/v2\/pages\/7117\/revisions"}],"predecessor-version":[{"id":8261,"href":"https:\/\/csl.org\/spiritual-development\/wp-json\/wp\/v2\/pages\/7117\/revisions\/8261"}],"up":[{"embeddable":true,"href":"https:\/\/csl.org\/spiritual-development\/wp-json\/wp\/v2\/pages\/7105"}],"wp:attachment":[{"href":"https:\/\/csl.org\/spiritual-development\/wp-json\/wp\/v2\/media?parent=7117"}],"curies":[{"name":"wp","href":"https:\/\/api.w.org\/{rel}","templated":true}]}}