{"id":7609,"date":"2021-03-09T02:41:14","date_gmt":"2021-03-09T02:41:14","guid":{"rendered":"https:\/\/multisite.csl.org\/spiritual-development\/?page_id=7609"},"modified":"2021-03-28T20:02:53","modified_gmt":"2021-03-28T20:02:53","slug":"unete-a-un-circulo","status":"publish","type":"page","link":"https:\/\/csl.org\/spiritual-development\/educacion-en-espanol\/circulos-de-vida-espiritual\/unete-a-un-circulo\/","title":{"rendered":"\u00danete a un C\u00edrculo"},"content":{"rendered":"<div class=\"fusion-fullwidth fullwidth-box fusion-builder-row-1 fusion-flex-container gradient-container-1 nonhundred-percent-fullwidth non-hundred-percent-height-scrolling\" style=\"--awb-border-radius-top-left:0px;--awb-border-radius-top-right:0px;--awb-border-radius-bottom-right:0px;--awb-border-radius-bottom-left:0px;--awb-flex-wrap:wrap;\" ><div class=\"fusion-builder-row fusion-row fusion-flex-align-items-flex-start fusion-flex-content-wrap\" style=\"max-width:1352px;margin-left: calc(-4% \/ 2 );margin-right: calc(-4% \/ 2 );\"><div class=\"fusion-layout-column fusion_builder_column fusion-builder-column-0 fusion_builder_column_1_1 1_1 fusion-flex-column\" style=\"--awb-padding-right:15px;--awb-padding-left:15px;--awb-bg-size:cover;--awb-width-large:100%;--awb-margin-top-large:10px;--awb-spacing-right-large:1.92%;--awb-margin-bottom-large:0px;--awb-spacing-left-large:1.92%;--awb-width-medium:100%;--awb-order-medium:0;--awb-spacing-right-medium:1.92%;--awb-spacing-left-medium:1.92%;--awb-width-small:100%;--awb-order-small:0;--awb-spacing-right-small:1.92%;--awb-spacing-left-small:1.92%;\"><div class=\"fusion-column-wrapper fusion-column-has-shadow fusion-flex-justify-content-flex-start fusion-content-layout-column\"><div class=\"fusion-text fusion-text-1\" style=\"--awb-font-size:25px;--awb-text-font-family:&quot;Source Sans Pro&quot;;--awb-text-font-style:normal;--awb-text-font-weight:400;\"><p>CSL tiene C\u00edrculos en todo el mundo, si desea encontrar un c\u00edrculo cerca de ti por favor env\u00ede un correo electr\u00f3nico a <a href=\"mailto:circulos@csl.org\">circulos@csl.org<\/a> mientras CSL actualiza el mapa de Circulos para la Vida Espiritual.<\/p>\n<\/div><\/div><\/div><\/div><\/div>\n","protected":false},"excerpt":{"rendered":"","protected":false},"author":16,"featured_media":0,"parent":7108,"menu_order":12,"comment_status":"closed","ping_status":"closed","template":"100-width.php","meta":{"_EventAllDay":false,"_EventTimezone":"","_EventStartDate":"","_EventEndDate":"","_EventStartDateUTC":"","_EventEndDateUTC":"","_EventShowMap":false,"_EventShowMapLink":false,"_EventURL":"","_EventCost":"","_EventCostDescription":"","_EventCurrencySymbol":"","_EventCurrencyCode":"","_EventCurrencyPosition":"","_EventDateTimeSeparator":"","_EventTimeRangeSeparator":"","_EventOrganizerID":[],"_EventVenueID":[],"_OrganizerEmail":"","_OrganizerPhone":"","_OrganizerWebsite":"","_VenueAddress":"","_VenueCity":"","_VenueCountry":"","_VenueProvince":"","_VenueState":"","_VenueZip":"","_VenuePhone":"","_VenueURL":"","_VenueStateProvince":"","_VenueLat":"","_VenueLng":"","_VenueShowMap":false,"_VenueShowMapLink":false,"footnotes":""},"class_list":["post-7609","page","type-page","status-publish","hentry"],"yoast_head":"<!-- This site is optimized with the Yoast SEO plugin v23.1 - https:\/\/yoast.com\/wordpress\/plugins\/seo\/ -->\n<title>\u00danete a un C\u00edrculo - Spiritual Development<\/title>\n<meta name=\"robots\" content=\"index, follow, max-snippet:-1, max-image-preview:large, max-video-preview:-1\" \/>\n<link rel=\"canonical\" href=\"https:\/\/csl.org\/spiritual-development\/educacion-en-espanol\/circulos-de-vida-espiritual\/unete-a-un-circulo\/\" \/>\n<meta property=\"og:locale\" content=\"en_US\" \/>\n<meta property=\"og:type\" content=\"article\" \/>\n<meta property=\"og:title\" content=\"\u00danete a un C\u00edrculo - Spiritual Development\" \/>\n<meta property=\"og:url\" content=\"https:\/\/csl.org\/spiritual-development\/educacion-en-espanol\/circulos-de-vida-espiritual\/unete-a-un-circulo\/\" \/>\n<meta property=\"og:site_name\" content=\"Spiritual Development\" \/>\n<meta property=\"article:modified_time\" content=\"2021-03-28T20:02:53+00:00\" \/>\n<meta name=\"twitter:card\" content=\"summary_large_image\" \/>\n<meta name=\"twitter:label1\" content=\"Est. reading time\" \/>\n\t<meta name=\"twitter:data1\" content=\"1 minute\" \/>\n<script type=\"application\/ld+json\" class=\"yoast-schema-graph\">{\"@context\":\"https:\/\/schema.org\",\"@graph\":[{\"@type\":\"WebPage\",\"@id\":\"https:\/\/csl.org\/spiritual-development\/educacion-en-espanol\/circulos-de-vida-espiritual\/unete-a-un-circulo\/\",\"url\":\"https:\/\/csl.org\/spiritual-development\/educacion-en-espanol\/circulos-de-vida-espiritual\/unete-a-un-circulo\/\",\"name\":\"\u00danete a un C\u00edrculo - Spiritual Development\",\"isPartOf\":{\"@id\":\"https:\/\/csl.org\/spiritual-development\/#website\"},\"datePublished\":\"2021-03-09T02:41:14+00:00\",\"dateModified\":\"2021-03-28T20:02:53+00:00\",\"breadcrumb\":{\"@id\":\"https:\/\/csl.org\/spiritual-development\/educacion-en-espanol\/circulos-de-vida-espiritual\/unete-a-un-circulo\/#breadcrumb\"},\"inLanguage\":\"en-US\",\"potentialAction\":[{\"@type\":\"ReadAction\",\"target\":[\"https:\/\/csl.org\/spiritual-development\/educacion-en-espanol\/circulos-de-vida-espiritual\/unete-a-un-circulo\/\"]}]},{\"@type\":\"BreadcrumbList\",\"@id\":\"https:\/\/csl.org\/spiritual-development\/educacion-en-espanol\/circulos-de-vida-espiritual\/unete-a-un-circulo\/#breadcrumb\",\"itemListElement\":[{\"@type\":\"ListItem\",\"position\":1,\"name\":\"Home\",\"item\":\"https:\/\/csl.org\/spiritual-development\/\"},{\"@type\":\"ListItem\",\"position\":2,\"name\":\"Educaci\u00f3n en Espa\u00f1ol\",\"item\":\"https:\/\/csl.org\/spiritual-development\/educacion-en-espanol\/\"},{\"@type\":\"ListItem\",\"position\":3,\"name\":\"C\u00edrculos de Vida Espiritual\",\"item\":\"https:\/\/csl.org\/spiritual-development\/educacion-en-espanol\/circulos-de-vida-espiritual\/\"},{\"@type\":\"ListItem\",\"position\":4,\"name\":\"\u00danete a un C\u00edrculo\"}]},{\"@type\":\"WebSite\",\"@id\":\"https:\/\/csl.org\/spiritual-development\/#website\",\"url\":\"https:\/\/csl.org\/spiritual-development\/\",\"name\":\"Spiritual Development\",\"description\":\"Multisite\",\"potentialAction\":[{\"@type\":\"SearchAction\",\"target\":{\"@type\":\"EntryPoint\",\"urlTemplate\":\"https:\/\/csl.org\/spiritual-development\/?s={search_term_string}\"},\"query-input\":\"required name=search_term_string\"}],\"inLanguage\":\"en-US\"}]}<\/script>\n<!-- \/ Yoast SEO plugin. -->","yoast_head_json":{"title":"\u00danete a un C\u00edrculo - Spiritual Development","robots":{"index":"index","follow":"follow","max-snippet":"max-snippet:-1","max-image-preview":"max-image-preview:large","max-video-preview":"max-video-preview:-1"},"canonical":"https:\/\/csl.org\/spiritual-development\/educacion-en-espanol\/circulos-de-vida-espiritual\/unete-a-un-circulo\/","og_locale":"en_US","og_type":"article","og_title":"\u00danete a un C\u00edrculo - Spiritual Development","og_url":"https:\/\/csl.org\/spiritual-development\/educacion-en-espanol\/circulos-de-vida-espiritual\/unete-a-un-circulo\/","og_site_name":"Spiritual Development","article_modified_time":"2021-03-28T20:02:53+00:00","twitter_card":"summary_large_image","twitter_misc":{"Est. reading time":"1 minute"},"schema":{"@context":"https:\/\/schema.org","@graph":[{"@type":"WebPage","@id":"https:\/\/csl.org\/spiritual-development\/educacion-en-espanol\/circulos-de-vida-espiritual\/unete-a-un-circulo\/","url":"https:\/\/csl.org\/spiritual-development\/educacion-en-espanol\/circulos-de-vida-espiritual\/unete-a-un-circulo\/","name":"\u00danete a un C\u00edrculo - Spiritual Development","isPartOf":{"@id":"https:\/\/csl.org\/spiritual-development\/#website"},"datePublished":"2021-03-09T02:41:14+00:00","dateModified":"2021-03-28T20:02:53+00:00","breadcrumb":{"@id":"https:\/\/csl.org\/spiritual-development\/educacion-en-espanol\/circulos-de-vida-espiritual\/unete-a-un-circulo\/#breadcrumb"},"inLanguage":"en-US","potentialAction":[{"@type":"ReadAction","target":["https:\/\/csl.org\/spiritual-development\/educacion-en-espanol\/circulos-de-vida-espiritual\/unete-a-un-circulo\/"]}]},{"@type":"BreadcrumbList","@id":"https:\/\/csl.org\/spiritual-development\/educacion-en-espanol\/circulos-de-vida-espiritual\/unete-a-un-circulo\/#breadcrumb","itemListElement":[{"@type":"ListItem","position":1,"name":"Home","item":"https:\/\/csl.org\/spiritual-development\/"},{"@type":"ListItem","position":2,"name":"Educaci\u00f3n en Espa\u00f1ol","item":"https:\/\/csl.org\/spiritual-development\/educacion-en-espanol\/"},{"@type":"ListItem","position":3,"name":"C\u00edrculos de Vida Espiritual","item":"https:\/\/csl.org\/spiritual-development\/educacion-en-espanol\/circulos-de-vida-espiritual\/"},{"@type":"ListItem","position":4,"name":"\u00danete a un C\u00edrculo"}]},{"@type":"WebSite","@id":"https:\/\/csl.org\/spiritual-development\/#website","url":"https:\/\/csl.org\/spiritual-development\/","name":"Spiritual Development","description":"Multisite","potentialAction":[{"@type":"SearchAction","target":{"@type":"EntryPoint","urlTemplate":"https:\/\/csl.org\/spiritual-development\/?s={search_term_string}"},"query-input":"required name=search_term_string"}],"inLanguage":"en-US"}]}},"_links":{"self":[{"href":"https:\/\/csl.org\/spiritual-development\/wp-json\/wp\/v2\/pages\/7609"}],"collection":[{"href":"https:\/\/csl.org\/spiritual-development\/wp-json\/wp\/v2\/pages"}],"about":[{"href":"https:\/\/csl.org\/spiritual-development\/wp-json\/wp\/v2\/types\/page"}],"author":[{"embeddable":true,"href":"https:\/\/csl.org\/spiritual-development\/wp-json\/wp\/v2\/users\/16"}],"replies":[{"embeddable":true,"href":"https:\/\/csl.org\/spiritual-development\/wp-json\/wp\/v2\/comments?post=7609"}],"version-history":[{"count":2,"href":"https:\/\/csl.org\/spiritual-development\/wp-json\/wp\/v2\/pages\/7609\/revisions"}],"predecessor-version":[{"id":8094,"href":"https:\/\/csl.org\/spiritual-development\/wp-json\/wp\/v2\/pages\/7609\/revisions\/8094"}],"up":[{"embeddable":true,"href":"https:\/\/csl.org\/spiritual-development\/wp-json\/wp\/v2\/pages\/7108"}],"wp:attachment":[{"href":"https:\/\/csl.org\/spiritual-development\/wp-json\/wp\/v2\/media?parent=7609"}],"curies":[{"name":"wp","href":"https:\/\/api.w.org\/{rel}","templated":true}]}}