{"id":7612,"date":"2021-03-09T02:58:56","date_gmt":"2021-03-09T02:58:56","guid":{"rendered":"https:\/\/multisite.csl.org\/spiritual-development\/?page_id=7612"},"modified":"2024-08-06T15:36:49","modified_gmt":"2024-08-06T15:36:49","slug":"comienza-un-circulo","status":"publish","type":"page","link":"https:\/\/csl.org\/spiritual-development\/educacion-en-espanol\/circulos-de-vida-espiritual\/comienza-un-circulo\/","title":{"rendered":"Comienza un Circulo"},"content":{"rendered":"<div class=\"fusion-fullwidth fullwidth-box fusion-builder-row-1 fusion-flex-container has-pattern-background has-mask-background gradient-container-1 nonhundred-percent-fullwidth non-hundred-percent-height-scrolling\" style=\"--awb-border-radius-top-left:0px;--awb-border-radius-top-right:0px;--awb-border-radius-bottom-right:0px;--awb-border-radius-bottom-left:0px;--awb-padding-bottom:50px;--awb-flex-wrap:wrap;\" ><div class=\"fusion-builder-row fusion-row fusion-flex-align-items-flex-start fusion-flex-content-wrap\" style=\"max-width:1352px;margin-left: calc(-4% \/ 2 );margin-right: calc(-4% \/ 2 );\"><div class=\"fusion-layout-column fusion_builder_column fusion-builder-column-0 fusion_builder_column_1_1 1_1 fusion-flex-column\" style=\"--awb-bg-size:cover;--awb-width-large:100%;--awb-margin-top-large:50px;--awb-spacing-right-large:1.92%;--awb-margin-bottom-large:0px;--awb-spacing-left-large:1.92%;--awb-width-medium:100%;--awb-order-medium:0;--awb-spacing-right-medium:1.92%;--awb-spacing-left-medium:1.92%;--awb-width-small:100%;--awb-order-small:0;--awb-spacing-right-small:1.92%;--awb-spacing-left-small:1.92%;\"><div class=\"fusion-column-wrapper fusion-column-has-shadow fusion-flex-justify-content-flex-start fusion-content-layout-column\"><div class=\"fusion-text fusion-text-1\" style=\"--awb-font-size:25px;--awb-text-font-family:&quot;Source Sans Pro&quot;;\"><p>\u00a1Gracias por tu inter\u00e9s en comenzar un C\u00edrculo de Vida Espiritual! \u00a1Nuestro prop\u00f3sito al crear este programa es proporcionarte a ti y a tus amigos, material para que encuentren una nueva forma de conectarse y profundizar su experiencia espiritual!<\/p>\n<p><strong>INICIAR UN C\u00cdRCULO DE VIDA ESPIRITUAL<\/strong><\/p>\n<p>\u00a1Comenzar tu propio C\u00edrculo de Vida Espiritual comienza con pedirles a sus amigos que se re\u00fanan! Elige una ubicaci\u00f3n que sea f\u00e1cil, conveniente y que funcione para los miembros de tu grupo. Usa esta primera reuni\u00f3n como una oportunidad para que todos se presenten y discutan lo que significa para ellos la revista Gu\u00eda para la Vida Espiritual: Ciencia de la Mente <em>(Guide for a Spiritual Living: Science of Mind Magazine)<\/em>. Abre la discusi\u00f3n para preguntas y comentarios, y considera la posibilidad de reunirse regularmente.\u00a0 Si t\u00fa y los miembros de su grupo deciden reunirse constantemente, puede ser \u00fatil responder las siguientes preguntas:<\/p>\n<p><em>1.) <strong>\u00bfD\u00f3nde nos vamos a encontrar? <\/strong><\/em>Elige una ubicaci\u00f3n que sea conveniente para los miembros del grupo pero que tambi\u00e9n permita una comunicaci\u00f3n abierta.<\/p>\n<p><em>2.) <strong>\u00bfCon qu\u00e9 frecuencia nos encontraremos? <\/strong><\/em>Las gu\u00eda de discusi\u00f3n y un art\u00edculo traducido de la Gu\u00eda para la Vida Espiritual: Revista Ciencia de la Mente se env\u00edan mensualmente por correo electr\u00f3nico.<\/p>\n<p><em>3.) <strong>\u00bfQui\u00e9n facilitar\u00e1 la discusi\u00f3n? <\/strong><\/em>Puede ser \u00fatil designar un anfitri\u00f3n para el grupo para ayudar a dirigir las discusiones. \u00a0Esta posici\u00f3n podr\u00eda ser otorgada a una persona o rotar entre los miembros. Permite que tu grupo cambie y se adapte a las necesidades de sus miembros.<\/p>\n<p><em>4.<\/em>) <strong>\u00bfA\u00f1adir\u00e1 tiempo adicional para la interacci\u00f3n social?<\/strong> Discuta la importancia de la interacci\u00f3n social con los miembros del grupo.<\/p>\n<p><em>5.) <strong>\u00bfLa comida y la bebida son parte de nuestra reuni\u00f3n? <\/strong><\/em>Ten una discusi\u00f3n abierta sobre el formato de la reuni\u00f3n del grupo y qu\u00e9 nivel de &#8220;hospedaje&#8221; se desea.<\/p>\n<p><em>6.) <strong>\u00bf<\/strong><\/em><strong><em>Qu\u00e9<\/em><em> grande queremos que sea nuestro grupo? <\/em><\/strong>Permite que las discusiones grupales sean seguras y c\u00f3modas para todos los participantes. Determinen el tama\u00f1o de su grupo y decidan si estar\u00e1n abiertos o cerrados a nuevos miembros.<\/p>\n<p><strong>7.) <\/strong>Al registrarse como Participante o Anfitri\u00f3n del C\u00edrculo de Vida Espiritual, el miembro interesado puede pedir una <strong>prueba gratuita de 6 meses<\/strong> al acceso digital <strong>en Ingl\u00e9s <\/strong>de la revista <a href=\"https:\/\/scienceofmind.com\/subscribe\/\"><strong>Gu\u00eda para la Vida Espiritual: Ciencia de la Mente<\/strong> (Guide for Spiritual Living: Science of Mind Magazine)<\/a>. * Actualmente, la revista s\u00f3lo est\u00e1 disponible en Ingl\u00e9s.<\/p>\n<p>Cualquier pregunta puede dirigirse a <a href=\"mailto:circulos@csl.org\">circulos@csl.org<\/a>.<\/p>\n<p style=\"text-align: center;\"><strong>COMIENZA TU CIRCULO DE VIDA ESPIRITUAL\u00a0<\/strong><\/p>\n<\/div><div style=\"text-align:center;\"><a class=\"fusion-button button-flat fusion-button-default-size button-default fusion-button-default button-1 fusion-button-default-span fusion-button-default-type\" target=\"_self\" href=\" https:\/\/csl.tfaforms.net\/318\"><span class=\"fusion-button-text\">Registra tu nuevo C\u00edrculo<\/span><\/a><\/div><\/div><\/div><\/div><\/div>\n","protected":false},"excerpt":{"rendered":"","protected":false},"author":16,"featured_media":0,"parent":7108,"menu_order":14,"comment_status":"closed","ping_status":"closed","template":"100-width.php","meta":{"_EventAllDay":false,"_EventTimezone":"","_EventStartDate":"","_EventEndDate":"","_EventStartDateUTC":"","_EventEndDateUTC":"","_EventShowMap":false,"_EventShowMapLink":false,"_EventURL":"","_EventCost":"","_EventCostDescription":"","_EventCurrencySymbol":"","_EventCurrencyCode":"","_EventCurrencyPosition":"","_EventDateTimeSeparator":"","_EventTimeRangeSeparator":"","_EventOrganizerID":[],"_EventVenueID":[],"_OrganizerEmail":"","_OrganizerPhone":"","_OrganizerWebsite":"","_VenueAddress":"","_VenueCity":"","_VenueCountry":"","_VenueProvince":"","_VenueState":"","_VenueZip":"","_VenuePhone":"","_VenueURL":"","_VenueStateProvince":"","_VenueLat":"","_VenueLng":"","_VenueShowMap":false,"_VenueShowMapLink":false,"footnotes":""},"class_list":["post-7612","page","type-page","status-publish","hentry"],"yoast_head":"<!-- This site is optimized with the Yoast SEO plugin v23.1 - https:\/\/yoast.com\/wordpress\/plugins\/seo\/ -->\n<title>Comienza un Circulo - Spiritual Development<\/title>\n<meta name=\"robots\" content=\"index, follow, max-snippet:-1, max-image-preview:large, max-video-preview:-1\" \/>\n<link rel=\"canonical\" href=\"https:\/\/csl.org\/spiritual-development\/educacion-en-espanol\/circulos-de-vida-espiritual\/comienza-un-circulo\/\" \/>\n<meta property=\"og:locale\" content=\"en_US\" \/>\n<meta property=\"og:type\" content=\"article\" \/>\n<meta property=\"og:title\" content=\"Comienza un Circulo - Spiritual Development\" \/>\n<meta property=\"og:url\" content=\"https:\/\/csl.org\/spiritual-development\/educacion-en-espanol\/circulos-de-vida-espiritual\/comienza-un-circulo\/\" \/>\n<meta property=\"og:site_name\" content=\"Spiritual Development\" \/>\n<meta property=\"article:modified_time\" content=\"2024-08-06T15:36:49+00:00\" \/>\n<meta name=\"twitter:card\" content=\"summary_large_image\" \/>\n<meta name=\"twitter:label1\" content=\"Est. reading time\" \/>\n\t<meta name=\"twitter:data1\" content=\"2 minutes\" \/>\n<script type=\"application\/ld+json\" class=\"yoast-schema-graph\">{\"@context\":\"https:\/\/schema.org\",\"@graph\":[{\"@type\":\"WebPage\",\"@id\":\"https:\/\/csl.org\/spiritual-development\/educacion-en-espanol\/circulos-de-vida-espiritual\/comienza-un-circulo\/\",\"url\":\"https:\/\/csl.org\/spiritual-development\/educacion-en-espanol\/circulos-de-vida-espiritual\/comienza-un-circulo\/\",\"name\":\"Comienza un Circulo - Spiritual Development\",\"isPartOf\":{\"@id\":\"https:\/\/csl.org\/spiritual-development\/#website\"},\"datePublished\":\"2021-03-09T02:58:56+00:00\",\"dateModified\":\"2024-08-06T15:36:49+00:00\",\"breadcrumb\":{\"@id\":\"https:\/\/csl.org\/spiritual-development\/educacion-en-espanol\/circulos-de-vida-espiritual\/comienza-un-circulo\/#breadcrumb\"},\"inLanguage\":\"en-US\",\"potentialAction\":[{\"@type\":\"ReadAction\",\"target\":[\"https:\/\/csl.org\/spiritual-development\/educacion-en-espanol\/circulos-de-vida-espiritual\/comienza-un-circulo\/\"]}]},{\"@type\":\"BreadcrumbList\",\"@id\":\"https:\/\/csl.org\/spiritual-development\/educacion-en-espanol\/circulos-de-vida-espiritual\/comienza-un-circulo\/#breadcrumb\",\"itemListElement\":[{\"@type\":\"ListItem\",\"position\":1,\"name\":\"Home\",\"item\":\"https:\/\/csl.org\/spiritual-development\/\"},{\"@type\":\"ListItem\",\"position\":2,\"name\":\"Educaci\u00f3n en Espa\u00f1ol\",\"item\":\"https:\/\/csl.org\/spiritual-development\/educacion-en-espanol\/\"},{\"@type\":\"ListItem\",\"position\":3,\"name\":\"C\u00edrculos de Vida Espiritual\",\"item\":\"https:\/\/csl.org\/spiritual-development\/educacion-en-espanol\/circulos-de-vida-espiritual\/\"},{\"@type\":\"ListItem\",\"position\":4,\"name\":\"Comienza un Circulo\"}]},{\"@type\":\"WebSite\",\"@id\":\"https:\/\/csl.org\/spiritual-development\/#website\",\"url\":\"https:\/\/csl.org\/spiritual-development\/\",\"name\":\"Spiritual Development\",\"description\":\"Multisite\",\"potentialAction\":[{\"@type\":\"SearchAction\",\"target\":{\"@type\":\"EntryPoint\",\"urlTemplate\":\"https:\/\/csl.org\/spiritual-development\/?s={search_term_string}\"},\"query-input\":\"required name=search_term_string\"}],\"inLanguage\":\"en-US\"}]}<\/script>\n<!-- \/ Yoast SEO plugin. -->","yoast_head_json":{"title":"Comienza un Circulo - Spiritual Development","robots":{"index":"index","follow":"follow","max-snippet":"max-snippet:-1","max-image-preview":"max-image-preview:large","max-video-preview":"max-video-preview:-1"},"canonical":"https:\/\/csl.org\/spiritual-development\/educacion-en-espanol\/circulos-de-vida-espiritual\/comienza-un-circulo\/","og_locale":"en_US","og_type":"article","og_title":"Comienza un Circulo - Spiritual Development","og_url":"https:\/\/csl.org\/spiritual-development\/educacion-en-espanol\/circulos-de-vida-espiritual\/comienza-un-circulo\/","og_site_name":"Spiritual Development","article_modified_time":"2024-08-06T15:36:49+00:00","twitter_card":"summary_large_image","twitter_misc":{"Est. reading time":"2 minutes"},"schema":{"@context":"https:\/\/schema.org","@graph":[{"@type":"WebPage","@id":"https:\/\/csl.org\/spiritual-development\/educacion-en-espanol\/circulos-de-vida-espiritual\/comienza-un-circulo\/","url":"https:\/\/csl.org\/spiritual-development\/educacion-en-espanol\/circulos-de-vida-espiritual\/comienza-un-circulo\/","name":"Comienza un Circulo - Spiritual Development","isPartOf":{"@id":"https:\/\/csl.org\/spiritual-development\/#website"},"datePublished":"2021-03-09T02:58:56+00:00","dateModified":"2024-08-06T15:36:49+00:00","breadcrumb":{"@id":"https:\/\/csl.org\/spiritual-development\/educacion-en-espanol\/circulos-de-vida-espiritual\/comienza-un-circulo\/#breadcrumb"},"inLanguage":"en-US","potentialAction":[{"@type":"ReadAction","target":["https:\/\/csl.org\/spiritual-development\/educacion-en-espanol\/circulos-de-vida-espiritual\/comienza-un-circulo\/"]}]},{"@type":"BreadcrumbList","@id":"https:\/\/csl.org\/spiritual-development\/educacion-en-espanol\/circulos-de-vida-espiritual\/comienza-un-circulo\/#breadcrumb","itemListElement":[{"@type":"ListItem","position":1,"name":"Home","item":"https:\/\/csl.org\/spiritual-development\/"},{"@type":"ListItem","position":2,"name":"Educaci\u00f3n en Espa\u00f1ol","item":"https:\/\/csl.org\/spiritual-development\/educacion-en-espanol\/"},{"@type":"ListItem","position":3,"name":"C\u00edrculos de Vida Espiritual","item":"https:\/\/csl.org\/spiritual-development\/educacion-en-espanol\/circulos-de-vida-espiritual\/"},{"@type":"ListItem","position":4,"name":"Comienza un Circulo"}]},{"@type":"WebSite","@id":"https:\/\/csl.org\/spiritual-development\/#website","url":"https:\/\/csl.org\/spiritual-development\/","name":"Spiritual Development","description":"Multisite","potentialAction":[{"@type":"SearchAction","target":{"@type":"EntryPoint","urlTemplate":"https:\/\/csl.org\/spiritual-development\/?s={search_term_string}"},"query-input":"required name=search_term_string"}],"inLanguage":"en-US"}]}},"_links":{"self":[{"href":"https:\/\/csl.org\/spiritual-development\/wp-json\/wp\/v2\/pages\/7612"}],"collection":[{"href":"https:\/\/csl.org\/spiritual-development\/wp-json\/wp\/v2\/pages"}],"about":[{"href":"https:\/\/csl.org\/spiritual-development\/wp-json\/wp\/v2\/types\/page"}],"author":[{"embeddable":true,"href":"https:\/\/csl.org\/spiritual-development\/wp-json\/wp\/v2\/users\/16"}],"replies":[{"embeddable":true,"href":"https:\/\/csl.org\/spiritual-development\/wp-json\/wp\/v2\/comments?post=7612"}],"version-history":[{"count":6,"href":"https:\/\/csl.org\/spiritual-development\/wp-json\/wp\/v2\/pages\/7612\/revisions"}],"predecessor-version":[{"id":10393,"href":"https:\/\/csl.org\/spiritual-development\/wp-json\/wp\/v2\/pages\/7612\/revisions\/10393"}],"up":[{"embeddable":true,"href":"https:\/\/csl.org\/spiritual-development\/wp-json\/wp\/v2\/pages\/7108"}],"wp:attachment":[{"href":"https:\/\/csl.org\/spiritual-development\/wp-json\/wp\/v2\/media?parent=7612"}],"curies":[{"name":"wp","href":"https:\/\/api.w.org\/{rel}","templated":true}]}}